{"id":633,"date":"2019-09-20T21:07:43","date_gmt":"2019-09-20T19:07:43","guid":{"rendered":"https:\/\/www.wp.3-d.cz\/?page_id=633"},"modified":"2026-04-02T12:10:37","modified_gmt":"2026-04-02T10:10:37","slug":"sluzby-bozie","status":"publish","type":"page","link":"https:\/\/ecavlevoca.sk\/?page_id=633","title":{"rendered":"Slu\u017eby Bo\u017eie"},"content":{"rendered":"<p style=\"text-align: center;\"><span style=\"color: #000000;\" data-darkreader-inline-color=\"\">Biblick\u00fd ver\u0161 na mesiac apr\u00edl:<\/span><\/p>\n<p style=\"text-align: center;\"><em><strong>Je\u017ei\u0161 povedal Tom\u00e1\u0161ovi: \u201eUveril si, preto\u017ee si Ma videl. Blahoslaven\u00ed, ktor\u00ed nevideli, a uverili. <\/strong><\/em>\u00a0<span style=\"color: #000000; font-size: revert;\" data-darkreader-inline-color=\"\">J\u00e1n 20, 29<\/span><\/p>\n\n\n<p>2. 4. 2026 &#8211; <strong><strong><strong><strong><strong><strong><strong>Zelen\u00fd \u0161tvrtok<\/strong><\/strong><\/strong><\/strong><\/strong><\/strong><\/strong>  o 17.00 hod. v modlitebni na fare, so spove\u010fou a Ve\u010derou P\u00e1novou<\/p>\n\n\n\n<p>3. 4. 2026 &#8211; <strong><strong>Ve\u013ek\u00fd piatok <\/strong><\/strong> o\u00a09.00 hod. v kostole na n\u00e1mest\u00ed, \u010d\u00edtanie pa\u0161i\u00ed, slu\u017eby s Ve\u010derou P\u00e1novou<\/p>\n\n\n\n<p>3. 4. 2026 &#8211;<strong> Ekumenick\u00fd pa\u0161iov\u00fd sprievod <\/strong> &#8211; za\u010diatok o\u00a013:00 pri kostole na n\u00e1mest\u00ed<\/p>\n\n\n\n<p>5. 4. 2026 &#8211; <strong>Ve\u013ekono\u010dn\u00e1 nede\u013ea<\/strong>  o 9.00 hod. v kostole na n\u00e1mest\u00ed<\/p>\n\n\n\n<p>6. 4. 2026 &#8211; <strong>Ve\u013ekono\u010dn\u00fd pondelok<\/strong>  o 9.00 hod v kostole na n\u00e1mest\u00ed<\/p>\n\n\n\n<p>12. 4. 2026 &#8211; <strong>1. nede\u013ea po Ve\u013ekej  noci<\/strong>   o 9.00 hod v kostole na n\u00e1mest\u00ed<\/p>\n\n\n\n<p>19. 4. 2026 &#8211; <strong>2. nede\u013ea po Ve\u013ekej  noci<\/strong>   o 9.00 hod v kostole na n\u00e1mest\u00ed<\/p>\n\n\n\n<p>26. 4. 2026 &#8211; <strong>3. nede\u013ea po Ve\u013ekej  noci<\/strong>   o 9.00 hod v kostole na n\u00e1mest\u00ed<\/p>\n\n\n\n<p>3. 5. 2026 &#8211; <strong>4. nede\u013ea po Ve\u013ekej  noci<\/strong>   o 9.00 hod v kostole na n\u00e1mest\u00ed<\/p>\n\n\n\n<p>&#8212;&#8212;&#8212;&#8212;&#8212;&#8212;&#8212;&#8212;&#8212;&#8212;&#8212;&#8212;&#8212;&#8212;&#8212;&#8212;&#8212;&#8212;&#8212;&#8212;&#8212;&#8212;&#8212;&#8212;&#8212;&#8212;&#8212;&#8212;&#8212;&#8212;&#8212;&#8212;&#8212;&#8212;&#8212;&#8212;&#8212;&#8212;-<\/p>\n\n\n\n<p><\/p>\n\n\n\n<p><strong>Biblick\u00e1 hodina <\/strong> ka\u017ed\u00fd utorok o 17:00 hod. na fare<\/p>\n\n\n\n<p>Vo \u0161tvrtok <strong>konfirma\u010dn\u00e1 pr\u00edprava <\/strong> o 14:00 (1. ro\u010d.) a o 15:00 hod. (2 ro\u010d.) na fare<\/p>\n\n\n\n<p><strong>Stretnutie zvonkohry<\/strong> vo \u0161tvrtok o 18:00 na fare<\/p>\n\n\n\n<p><\/p>\n\n\n\n<p><\/p>\n\n\n\n<p><\/p>\n\n\n\n<p><\/p>\n\n\n\n<p><\/p>\n","protected":false},"excerpt":{"rendered":"<p>Biblick\u00fd ver\u0161 na mesiac apr\u00edl: Je\u017ei\u0161 povedal Tom\u00e1\u0161ovi: \u201eUveril si, preto\u017ee si Ma videl. Blahoslaven\u00ed, ktor\u00ed nevideli, a uverili. \u00a0J\u00e1n 20, 29 2. 4. 2026 &#8211; Zelen\u00fd \u0161tvrtok o 17.00 &#8230;<\/p>\n","protected":false},"author":1,"featured_media":0,"parent":0,"menu_order":0,"comment_status":"closed","ping_status":"closed","template":"","meta":[],"_links":{"self":[{"href":"https:\/\/ecavlevoca.sk\/index.php?rest_route=\/wp\/v2\/pages\/633"}],"collection":[{"href":"https:\/\/ecavlevoca.sk\/index.php?rest_route=\/wp\/v2\/pages"}],"about":[{"href":"https:\/\/ecavlevoca.sk\/index.php?rest_route=\/wp\/v2\/types\/page"}],"author":[{"embeddable":true,"href":"https:\/\/ecavlevoca.sk\/index.php?rest_route=\/wp\/v2\/users\/1"}],"replies":[{"embeddable":true,"href":"https:\/\/ecavlevoca.sk\/index.php?rest_route=%2Fwp%2Fv2%2Fcomments&post=633"}],"version-history":[{"count":183,"href":"https:\/\/ecavlevoca.sk\/index.php?rest_route=\/wp\/v2\/pages\/633\/revisions"}],"predecessor-version":[{"id":2434,"href":"https:\/\/ecavlevoca.sk\/index.php?rest_route=\/wp\/v2\/pages\/633\/revisions\/2434"}],"wp:attachment":[{"href":"https:\/\/ecavlevoca.sk\/index.php?rest_route=%2Fwp%2Fv2%2Fmedia&parent=633"}],"curies":[{"name":"wp","href":"https:\/\/api.w.org\/{rel}","templated":true}]}}