{"id":635,"date":"2019-09-20T21:08:00","date_gmt":"2019-09-20T19:08:00","guid":{"rendered":"https:\/\/www.wp.3-d.cz\/?page_id=635"},"modified":"2025-08-15T08:59:36","modified_gmt":"2025-08-15T06:59:36","slug":"kazne","status":"publish","type":"page","link":"https:\/\/ecavlevoca.sk\/?page_id=635","title":{"rendered":"Aktu\u00e1lne"},"content":{"rendered":"\n<div class=\"wp-container-3 wp-block-columns\">\n<div class=\"wp-container-2 wp-block-column\" style=\"flex-basis:100%\">\n<div class=\"wp-container-1 wp-block-group\"><div class=\"wp-block-group__inner-container\">\n<p><strong>OZNAMY NA MESIAC AUGUST 2025<\/strong><\/p>\n\n\n\n<p><strong>18.8. &#8211; 28.8.2025<\/strong> Denn\u00fd biblick\u00fd t\u00e1bor pre men\u0161ie deti s n\u00e1zvom <strong>\u00da\u017easn\u00e1 veda a lego p\u00e1rty<\/strong><\/p>\n\n\n\n<p> Ka\u017ed\u00fd de\u0148 od 8:00 &#8211; 16:00 hod. Cena 50,- Eur\/osobu &#8211; v cene s\u00fa obsiahnut\u00e9 obedy, olovrant, pitn\u00fd re\u017eim, programov\u00e9 materi\u00e1ly, lego.<\/p>\n\n\n\n<p> &#8212;&#8212;&#8212;&#8212;&#8212;&#8212;&#8212;&#8212;&#8212;&#8212;&#8212;&#8212;&#8212;&#8212;&#8212;&#8212;&#8212;&#8212;&#8212;&#8212;&#8212;&#8212;&#8212;&#8212;&#8212;&#8212;&#8212;&#8212;&#8212;&#8212;&#8212;&#8212;&#8212;&#8212;&#8212;&#8212;&#8212;&#8212;&#8212;&#8212;&#8212;&#8212;&#8212;&#8212;&#8212;&#8212;&#8212;&#8212;&#8212;&#8212;&#8212;<\/p>\n\n\n\n<p><strong>Pravideln\u00e9 stretnutia na evanjelickej fare:<\/strong><\/p>\n\n\n\n<p><strong>Slu\u017eby Bo\u017eie<\/strong> pravidelne v nede\u013eu o 9.00 hod v modlitebni na fare. <\/p>\n\n\n\n<p><strong>Biblick\u00e9 hodiny<\/strong> &#8211; pravidelne vo \u0161tvrtok o 17.00 hod na fare, po\u010das pr\u00e1zdnin sa nekonaj\u00fa<\/p>\n\n\n\n<p><strong>Stretnutie Zvonkohry<\/strong> &#8211; v\u00fduka hry na ru\u010dn\u00e9 zvon\u010deky (chimes) pre za\u010diato\u010dn\u00edkov pravidelne vo \u0161tvrtok o 16:30 hod, v \u010dase pr\u00e1zdnin sa stretnutia nekonaj\u00fa.<\/p>\n\n\n\n<p><strong>Detsk\u00fd klub <\/strong>pravidelne v piatok o 15:30 hod a <strong>\u0160achov\u00fd kr\u00fa\u017eok<\/strong> o 17:00 hod, v \u010dase pr\u00e1zdnin sa klub nekon\u00e1.<\/p>\n\n\n\n<p><\/p>\n\n\n\n<p><\/p>\n\n\n\n<figure class=\"wp-block-image\"><img src=\"blob:https:\/\/ecavlevoca.sk\/c6327351-ef15-450d-b905-99988a9cb5ad\" alt=\"\"\/><\/figure>\n\n\n<ul class=\"wp-block-latest-posts__list is-grid columns-4 wp-block-latest-posts\"><li><div class=\"wp-block-latest-posts__featured-image\"><img width=\"150\" height=\"150\" src=\"https:\/\/ecavlevoca.sk\/wp-content\/uploads\/2024\/03\/Sprievod2024-2-150x150.jpg\" class=\"attachment-thumbnail size-thumbnail wp-post-image\" alt=\"\" style=\"\" loading=\"lazy\" \/><\/div><a class=\"wp-block-latest-posts__post-title\" href=\"https:\/\/ecavlevoca.sk\/?p=2265\">Ekumenick\u00fd pa\u0161iov\u00fd sprievod<\/a><div class=\"wp-block-latest-posts__post-excerpt\">Prijmite pozvanie na EKUMENICK\u00dd PA\u0160IOV\u00dd SPRIEVOD V LEVO\u010cI, ktor\u00fd sa uskuto\u010dn\u00ed na Ve\u013ek\u00fd piatok 29. marca. Sprievod sa za\u010dne pred Evanjelick\u00fdm kostolom na N\u00e1mest\u00ed Majstra Pavla o 13.00 h.<\/div><\/li>\n<li><div class=\"wp-block-latest-posts__featured-image\"><img width=\"150\" height=\"150\" src=\"https:\/\/ecavlevoca.sk\/wp-content\/uploads\/2024\/01\/EM_16-150x150.jpg\" class=\"attachment-thumbnail size-thumbnail wp-post-image\" alt=\"\" style=\"\" loading=\"lazy\" \/><\/div><a class=\"wp-block-latest-posts__post-title\" href=\"https:\/\/ecavlevoca.sk\/?p=2223\">Ekumenick\u00e1 Bohoslu\u017eba<\/a><div class=\"wp-block-latest-posts__post-excerpt\">Po\u010das T\u00fd\u017ed\u0148a modlitieb o jednotu kres\u0165anov sa v Kostole Sv\u00e4t\u00e9ho Ducha v Levo\u010di uskuto\u010dnili v nede\u013eu 21. janu\u00e1ra spolo\u010dn\u00e9 ekumenick\u00e9 bohoslu\u017eby za \u00fa\u010dasti z\u00e1stupcov r\u00edmsko-katol\u00edckej, gr\u00e9cko-katol\u00edckej i evanjelickej cirkvi v &#8230;<\/div><\/li>\n<li><div class=\"wp-block-latest-posts__featured-image\"><img width=\"150\" height=\"150\" src=\"https:\/\/ecavlevoca.sk\/wp-content\/uploads\/2024\/01\/2017_MKSR_LOGOTYP_SK_FINANCNA-PODPORA-150x150.png\" class=\"attachment-thumbnail size-thumbnail wp-post-image\" alt=\"\" style=\"\" loading=\"lazy\" \/><\/div><a class=\"wp-block-latest-posts__post-title\" href=\"https:\/\/ecavlevoca.sk\/?p=2204\">Projekty obnovy n\u00e1rodn\u00fdch kult\u00farnych pamiatok realizovan\u00e9 Cirkevn\u00fdm zborom ECAV Levo\u010da s finan\u010dnou podporou MK SR v roku 2023<\/a><div class=\"wp-block-latest-posts__post-excerpt\">Cirkevn\u00fd zbor ECAV Levo\u010da v&nbsp;roku 2023 zrealizoval 6 projektov obnovy n\u00e1rodn\u00fdch kult\u00farnych pamiatok, ktor\u00e9 finan\u010dne podporilo Ministerstvo kult\u00fary Slovenskej republiky s&nbsp;programu Obnovme si svoj dom. 1. Zhotovenie projektovej dokument\u00e1cie &#8211; &#8230;<\/div><\/li>\n<li><div class=\"wp-block-latest-posts__featured-image\"><img width=\"150\" height=\"150\" src=\"https:\/\/ecavlevoca.sk\/wp-content\/uploads\/2023\/08\/plagat-tabor-150x150.jpg\" class=\"attachment-thumbnail size-thumbnail wp-post-image\" alt=\"\" style=\"\" loading=\"lazy\" \/><\/div><a class=\"wp-block-latest-posts__post-title\" href=\"https:\/\/ecavlevoca.sk\/?p=2153\">Denn\u00fd detsk\u00fd t\u00e1bor<\/a><div class=\"wp-block-latest-posts__post-excerpt\"><\/div><\/li>\n<li><div class=\"wp-block-latest-posts__featured-image\"><img width=\"150\" height=\"150\" src=\"https:\/\/ecavlevoca.sk\/wp-content\/uploads\/2023\/07\/V-slapajach-predkov-plagat-150x150.jpg\" class=\"attachment-thumbnail size-thumbnail wp-post-image\" alt=\"\" style=\"\" loading=\"lazy\" \/><\/div><a class=\"wp-block-latest-posts__post-title\" href=\"https:\/\/ecavlevoca.sk\/?p=2141\">V \u0161\u013eapaj\u00e1ch predkov<\/a><div class=\"wp-block-latest-posts__post-excerpt\"><\/div><\/li>\n<li><div class=\"wp-block-latest-posts__featured-image\"><img width=\"150\" height=\"150\" src=\"https:\/\/ecavlevoca.sk\/wp-content\/uploads\/2023\/07\/Glozik-vystava-2-1-150x150.jpg\" class=\"attachment-thumbnail size-thumbnail wp-post-image\" alt=\"\" style=\"\" loading=\"lazy\" \/><\/div><a class=\"wp-block-latest-posts__post-title\" href=\"https:\/\/ecavlevoca.sk\/?p=2138\">Gl\u00f3zik v\u00fdstava<\/a><div class=\"wp-block-latest-posts__post-excerpt\"><\/div><\/li>\n<li><div class=\"wp-block-latest-posts__featured-image\"><img width=\"150\" height=\"150\" src=\"https:\/\/ecavlevoca.sk\/wp-content\/uploads\/2023\/05\/Noc-kostolov-2023-150x150.jpg\" class=\"attachment-thumbnail size-thumbnail wp-post-image\" alt=\"\" style=\"\" loading=\"lazy\" \/><\/div><a class=\"wp-block-latest-posts__post-title\" href=\"https:\/\/ecavlevoca.sk\/?p=2122\">Noc kostolov 2023<\/a><div class=\"wp-block-latest-posts__post-excerpt\"><\/div><\/li>\n<li><div class=\"wp-block-latest-posts__featured-image\"><img width=\"150\" height=\"150\" src=\"https:\/\/ecavlevoca.sk\/wp-content\/uploads\/2023\/04\/Ekumenicky-pasiovy-sprievod_2023-150x150.jpg\" class=\"attachment-thumbnail size-thumbnail wp-post-image\" alt=\"\" style=\"\" loading=\"lazy\" \/><\/div><a class=\"wp-block-latest-posts__post-title\" href=\"https:\/\/ecavlevoca.sk\/?p=2103\">EKUMENICK\u00dd PA\u0160IOV\u00dd SPRIEVOD V LEVO\u010cI<\/a><div class=\"wp-block-latest-posts__post-excerpt\">Srde\u010dne v\u00e1s poz\u00fdvame na EKUMENICK\u00dd PA\u0160IOV\u00dd SPRIEVOD V LEVO\u010cI na Ve\u013ek\u00fd piatok 7. apr\u00edla 2023 so za\u010diatkom o 13:00 hod. pred Evanjelick\u00fdm kostolom na N\u00e1mest\u00ed Majstra Pavla.<\/div><\/li>\n<li><a class=\"wp-block-latest-posts__post-title\" href=\"https:\/\/ecavlevoca.sk\/?p=2014\">ZBIERKA PRE UKRAJINU-ECAV<\/a><div class=\"wp-block-latest-posts__post-excerpt\">Novinkou v pomoci Evanjelickej cirkvi a. v. na Slovensku UKRAJINE, ktor\u00e1 ur\u010dite nie je ukon\u010den\u00e1, je nov\u00fd TRANSPARENTN\u00dd \u00da\u010cET vo V\u00daB banke: https:\/\/ib.vub.sk\/pch\/transparentne-ucty : ZBIERKA PRE UKRAJINU-ECAVSK04\u00a00200\u00a00000\u00a00045\u00a06819\u00a06251.Doteraz platn\u00fd a zverejnen\u00fd &#8230;<\/div><\/li>\n<li><div class=\"wp-block-latest-posts__featured-image\"><img width=\"150\" height=\"150\" src=\"https:\/\/ecavlevoca.sk\/wp-content\/uploads\/2023\/03\/Rumunsko_A3_tlac2_page-0001-150x150.jpg\" class=\"attachment-thumbnail size-thumbnail wp-post-image\" alt=\"\" style=\"\" loading=\"lazy\" \/><\/div><a class=\"wp-block-latest-posts__post-title\" href=\"https:\/\/ecavlevoca.sk\/?p=1983\">RUMUNSKO<br>PROTESTANTSK\u00c9 SEDMOHRADSKO<\/a><div class=\"wp-block-latest-posts__post-excerpt\"><\/div><\/li>\n<li><div class=\"wp-block-latest-posts__featured-image\"><img width=\"150\" height=\"150\" src=\"https:\/\/ecavlevoca.sk\/wp-content\/uploads\/2022\/10\/mk-150x150.png\" class=\"attachment-thumbnail size-thumbnail wp-post-image\" alt=\"\" style=\"\" loading=\"lazy\" \/><\/div><a class=\"wp-block-latest-posts__post-title\" href=\"https:\/\/ecavlevoca.sk\/?p=1860\">\u00a0Zoznam podporen\u00fdch projektov MK SR<\/a><div class=\"wp-block-latest-posts__post-excerpt\">S finan\u010dnou podporou Ministerstva kult\u00fary SR v\u00a0dota\u010dnom programe Obnovme si svoj dom boli v\u00a0roku 2022 realizovan\u00e9 tieto projekty: Evanjelick\u00fd cintor\u00edn, \u010d. \u00daZPF 3055\/1, Probstnerova cesta, Levo\u010da, parc. \u010d. 1476, 1477\/1, &#8230;<\/div><\/li>\n<li><div class=\"wp-block-latest-posts__featured-image\"><img width=\"150\" height=\"150\" src=\"https:\/\/ecavlevoca.sk\/wp-content\/uploads\/2022\/07\/fero-guldan-vystava-150x150.jpg\" class=\"attachment-thumbnail size-thumbnail wp-post-image\" alt=\"\" style=\"\" loading=\"lazy\" srcset=\"https:\/\/ecavlevoca.sk\/wp-content\/uploads\/2022\/07\/fero-guldan-vystava-150x150.jpg 150w, https:\/\/ecavlevoca.sk\/wp-content\/uploads\/2022\/07\/fero-guldan-vystava-402x400.jpg 402w\" sizes=\"(max-width: 150px) 100vw, 150px\" \/><\/div><a class=\"wp-block-latest-posts__post-title\" href=\"https:\/\/ecavlevoca.sk\/?p=1811\">V\u00fdstava&nbsp;<strong>EXODY v XX. storo\u010d\u00ed<\/strong><\/a><div class=\"wp-block-latest-posts__post-excerpt\">V Evanjelickom kostole od 30.7.2022<\/div><\/li>\n<li><div class=\"wp-block-latest-posts__featured-image\"><img width=\"150\" height=\"150\" src=\"https:\/\/ecavlevoca.sk\/wp-content\/uploads\/2022\/07\/letny-tabor-2022-150x150.jpg\" class=\"attachment-thumbnail size-thumbnail wp-post-image\" alt=\"\" style=\"\" loading=\"lazy\" \/><\/div><a class=\"wp-block-latest-posts__post-title\" href=\"https:\/\/ecavlevoca.sk\/?p=1801\">Letn\u00fd t\u00e1bor 2022<\/a><div class=\"wp-block-latest-posts__post-excerpt\"><\/div><\/li>\n<\/ul><\/div><\/div>\n<\/div>\n<\/div>\n","protected":false},"excerpt":{"rendered":"<p>OZNAMY NA MESIAC AUGUST 2025 18.8. &#8211; 28.8.2025 Denn\u00fd biblick\u00fd t\u00e1bor pre men\u0161ie deti s n\u00e1zvom \u00da\u017easn\u00e1 veda a lego p\u00e1rty Ka\u017ed\u00fd de\u0148 od 8:00 &#8211; 16:00 hod. Cena 50,- &#8230;<\/p>\n","protected":false},"author":1,"featured_media":0,"parent":0,"menu_order":0,"comment_status":"closed","ping_status":"closed","template":"","meta":[],"_links":{"self":[{"href":"https:\/\/ecavlevoca.sk\/index.php?rest_route=\/wp\/v2\/pages\/635"}],"collection":[{"href":"https:\/\/ecavlevoca.sk\/index.php?rest_route=\/wp\/v2\/pages"}],"about":[{"href":"https:\/\/ecavlevoca.sk\/index.php?rest_route=\/wp\/v2\/types\/page"}],"author":[{"embeddable":true,"href":"https:\/\/ecavlevoca.sk\/index.php?rest_route=\/wp\/v2\/users\/1"}],"replies":[{"embeddable":true,"href":"https:\/\/ecavlevoca.sk\/index.php?rest_route=%2Fwp%2Fv2%2Fcomments&post=635"}],"version-history":[{"count":157,"href":"https:\/\/ecavlevoca.sk\/index.php?rest_route=\/wp\/v2\/pages\/635\/revisions"}],"predecessor-version":[{"id":2401,"href":"https:\/\/ecavlevoca.sk\/index.php?rest_route=\/wp\/v2\/pages\/635\/revisions\/2401"}],"wp:attachment":[{"href":"https:\/\/ecavlevoca.sk\/index.php?rest_route=%2Fwp%2Fv2%2Fmedia&parent=635"}],"curies":[{"name":"wp","href":"https:\/\/api.w.org\/{rel}","templated":true}]}}