{"id":639,"date":"2019-09-20T21:08:35","date_gmt":"2019-09-20T19:08:35","guid":{"rendered":"https:\/\/www.wp.3-d.cz\/?page_id=639"},"modified":"2019-10-19T23:04:03","modified_gmt":"2019-10-19T21:04:03","slug":"dobre-citanie","status":"publish","type":"page","link":"https:\/\/ecavlevoca.sk\/?page_id=639","title":{"rendered":"Dobr\u00e9 \u010c\u00edtanie"},"content":{"rendered":"\n<p>D\u00e1vame do pozornosti webov\u00e9 str\u00e1nky<\/p>\n\n\n\n<p><a href=\"https:\/\/www.ecav.sk\">www.ecav.sk<\/a><\/p>\n\n\n\n<p><a href=\"http:\/\/www.evanjelik.sk\">www.evanjelik.sk<\/a><\/p>\n\n\n\n<p>Tatransk\u00fd senior\u00e1t <a href=\"https:\/\/www.facebook.com\/TASECAV\/\">https:\/\/www.facebook.com\/TASECAV\/<\/a> <\/p>\n\n\n\n<p>Zamyslenia \u201eTesnou br\u00e1nou\u201c <a href=\"https:\/\/zamyslenia.lutheran.sk\">www.zamyslenia.lutheran.sk<\/a> <\/p>\n\n\n\n<p>Port\u00e1l Slovensk\u00e9ho evanjeliza\u010dn\u00e9ho strediska <a href=\"http:\/\/www.evs.sk\">www.evs.sk<\/a><\/p>\n\n\n\n<p>Vydavate\u013estvo Tranoscius <a href=\"http:\/\/www.tranoscius.sk\">www.tranoscius.sk<\/a><\/p>\n\n\n\n<p>Bibliu, spevn\u00edky a \u010fal\u0161iu kni\u017en\u00fa literat\u00faru si m\u00f4\u017eete\nzak\u00fapi\u0165 na farskom \u00farade v Levo\u010di.<\/p>\n","protected":false},"excerpt":{"rendered":"<p>D\u00e1vame do pozornosti webov\u00e9 str\u00e1nky www.ecav.sk www.evanjelik.sk Tatransk\u00fd senior\u00e1t https:\/\/www.facebook.com\/TASECAV\/ Zamyslenia \u201eTesnou br\u00e1nou\u201c www.zamyslenia.lutheran.sk Port\u00e1l Slovensk\u00e9ho evanjeliza\u010dn\u00e9ho strediska www.evs.sk Vydavate\u013estvo Tranoscius www.tranoscius.sk Bibliu, spevn\u00edky a \u010fal\u0161iu kni\u017en\u00fa literat\u00faru si m\u00f4\u017eete &#8230;<\/p>\n","protected":false},"author":1,"featured_media":0,"parent":0,"menu_order":0,"comment_status":"closed","ping_status":"closed","template":"","meta":[],"_links":{"self":[{"href":"https:\/\/ecavlevoca.sk\/index.php?rest_route=\/wp\/v2\/pages\/639"}],"collection":[{"href":"https:\/\/ecavlevoca.sk\/index.php?rest_route=\/wp\/v2\/pages"}],"about":[{"href":"https:\/\/ecavlevoca.sk\/index.php?rest_route=\/wp\/v2\/types\/page"}],"author":[{"embeddable":true,"href":"https:\/\/ecavlevoca.sk\/index.php?rest_route=\/wp\/v2\/users\/1"}],"replies":[{"embeddable":true,"href":"https:\/\/ecavlevoca.sk\/index.php?rest_route=%2Fwp%2Fv2%2Fcomments&post=639"}],"version-history":[{"count":2,"href":"https:\/\/ecavlevoca.sk\/index.php?rest_route=\/wp\/v2\/pages\/639\/revisions"}],"predecessor-version":[{"id":937,"href":"https:\/\/ecavlevoca.sk\/index.php?rest_route=\/wp\/v2\/pages\/639\/revisions\/937"}],"wp:attachment":[{"href":"https:\/\/ecavlevoca.sk\/index.php?rest_route=%2Fwp%2Fv2%2Fmedia&parent=639"}],"curies":[{"name":"wp","href":"https:\/\/api.w.org\/{rel}","templated":true}]}}