{"id":643,"date":"2019-09-20T21:09:20","date_gmt":"2019-09-20T19:09:20","guid":{"rendered":"https:\/\/www.wp.3-d.cz\/?page_id=643"},"modified":"2025-01-09T16:31:51","modified_gmt":"2025-01-09T15:31:51","slug":"konfirmacna-priprava","status":"publish","type":"page","link":"https:\/\/ecavlevoca.sk\/?page_id=643","title":{"rendered":"Konfirma\u010dn\u00e1 pr\u00edprava"},"content":{"rendered":"\n<p><br>Konfirm\u00e1cia je&nbsp;potvrden\u00edm krstnej zmluvy a osobn\u00fdm vyznan\u00edm viery, ktor\u00fa za n\u00e1s vyzn\u00e1vali pri krste rodi\u010dia a krstn\u00ed rodi\u010dia.<\/p>\n\n\n\n<p>Konfirm\u00e1cia je sl\u00e1vnostn\u00e9 prijatie pokrstenej ml\u00e1de\u017ee, resp. pokrsten\u00e9ho dospel\u00e9ho medzi dospel\u00fdch \u010dlenov cirkevn\u00e9ho zboru.<\/p>\n\n\n\n<p>Pri konfirm\u00e1cii:<\/p>\n\n\n\n<p>1) osobne vyzn\u00e1vame vieru v P\u00e1na Boha<br> 2) s\u013eubujeme vernos\u0165 Bohu i spolo\u010denstvu Evanjelickej cirkvi.<\/p>\n\n\n\n<p>Konfirmovan\u00ed sa st\u00e1vaj\u00fa dospel\u00fdmi \u010dlenmi cirkvi. M\u00f4\u017eu sa&nbsp;z\u00fa\u010dast\u0148ova\u0165 na Ve\u010deri P\u00e1novej, by\u0165 krstn\u00fdm rodi\u010dom, alebo po dov\u0155\u0161en\u00ed 18. roku \u017eivota svedkom pri sob\u00e1\u0161i. Od 18 roku \u017eivota maj\u00fa v cirkvi volebn\u00e9 pr\u00e1vo. Volen\u00ed do funkci\u00ed m\u00f4\u017eu by\u0165&nbsp;pod\u013ea cirkevno-pr\u00e1vnych predpisov, najsk\u00f4r od 21. veku \u017eivota.<\/p>\n\n\n\n<p>Konfirma\u010dn\u00fa pr\u00edpravu absolvuj\u00fa \u010dlenovia cirkvi vo veku nad 12 rokov. Pr\u00edprava je spravidla dvojro\u010dn\u00e1.<\/p>\n\n\n\n<p>Dvojro\u010dn\u00e1 konfirma\u010dn\u00e1 pr\u00edprava sa rozumie v rozsahu 80-100 vyu\u010dovac\u00edch hod\u00edn.&nbsp;Pri pr\u00edprave star\u0161\u00edch alebo dospel\u00fdch je potrebn\u00e9 primeran\u00fdm sp\u00f4sobom obsiahnu\u0165 cel\u00fa konfirma\u010dn\u00fa l\u00e1tku.<\/p>\n\n\n\n<p>Pri z\u00e1pise ku konfirma\u010dnej pr\u00edprave zis\u0165uje k\u0148az, \u010di die\u0165a absolvovalo \u0161kolsk\u00fa n\u00e1bo\u017eensk\u00fa v\u00fdu\u010dbu. V pr\u00edpade, \u017ee die\u0165a neabsolvovalo \u0161kolsk\u00fa n\u00e1bo\u017eensk\u00fa v\u00fdu\u010dbu a nenav\u0161tevovalo detsk\u00e9 slu\u017eby Bo\u017eie (besiedku), je program jeho pr\u00edpravy doplnen\u00fd o zame\u0161kan\u00e9 \u010dasti.<\/p>\n\n\n\n<p>Prihl\u00e1si\u0165 sa na konfirm\u00e1ciu je mo\u017en\u00e9 priamo u sestry far\u00e1rky.<\/p>\n\n\n\n<p><strong>Stretnutie ml\u00e1de\u017ee na konfirma\u010dnej pr\u00edprave v \u0161kolskom roku 2024\/25 sa kon\u00e1 ka\u017ed\u00fd piatok o 15:00 v zborovej miestnosti na fare.<\/strong><\/p>\n\n\n<p><span style=\"color: #ffffff;\">,<\/span><\/p>\n\n<style>#jtg-883 .modula-item .jtg-social a, .lightbox-socials.jtg-social a{ color: #ffffff }#jtg-883 .modula-item .jtg-social svg, .lightbox-socials.jtg-social svg { height: 16px; width: 16px }#jtg-883 .modula-item .jtg-social a:not(:last-child), .lightbox-socials.jtg-social a:not(:last-child) { margin-right: 10px }#jtg-883 .modula-item .figc {color:#ffffff;}#jtg-883 .modula-item .modula-item-content { transform: scale(1) }#jtg-883 { width:50%;}#jtg-883 .modula-items{height:300px;}#jtg-883 .modula-items .figc p.description { font-size:14px; }#jtg-883 .modula-items .figc p.description { color:#ffffff;}#jtg-883.modula-gallery .modula-item > a, #jtg-883.modula-gallery .modula-item, #jtg-883.modula-gallery .modula-item-content > a { cursor:zoom-in; } @media screen and (max-width:480px){#jtg-883 .modula-item .figc .jtg-title {  font-size: 12px; }#jtg-883 .modula-items .figc p.description { color:#ffffff;font-size:10px; }}<\/style>\n<!-- Gallery Container -->\n<div  id=\"jtg-883\" class=\"modula modula-gallery modula-creative-gallery\" data-config=\"{&quot;height&quot;:300,&quot;enableTwitter&quot;:false,&quot;enableWhatsapp&quot;:false,&quot;enableFacebook&quot;:false,&quot;enablePinterest&quot;:false,&quot;enableLinkedin&quot;:false,&quot;enableEmail&quot;:false,&quot;randomFactor&quot;:0.5,&quot;type&quot;:&quot;creative-gallery&quot;,&quot;columns&quot;:12,&quot;gutter&quot;:10,&quot;mobileGutter&quot;:10,&quot;tabletGutter&quot;:10,&quot;desktopGutter&quot;:10,&quot;enableResponsive&quot;:&quot;0&quot;,&quot;tabletColumns&quot;:&quot;2&quot;,&quot;mobileColumns&quot;:&quot;1&quot;,&quot;lazyLoad&quot;:&quot;0&quot;,&quot;lightboxOpts&quot;:{&quot;loop&quot;:false,&quot;arrows&quot;:true,&quot;toolbar&quot;:true,&quot;keyboard&quot;:false,&quot;wheel&quot;:false,&quot;buttons&quot;:[&quot;close&quot;],&quot;hash&quot;:false,&quot;lang&quot;:&quot;en&quot;,&quot;touch&quot;:false,&quot;protect&quot;:false,&quot;i18n&quot;:{&quot;en&quot;:{&quot;CLOSE&quot;:&quot;Close&quot;,&quot;NEXT&quot;:&quot;Next&quot;,&quot;PREV&quot;:&quot;Previous&quot;,&quot;Error&quot;:&quot;The requested content cannot be loaded. Please try again later.&quot;,&quot;PLAY_START&quot;:&quot;Start slideshow&quot;,&quot;PLAY_STOP&quot;:&quot;Pause slideshow&quot;,&quot;FULL_SCREEN&quot;:&quot;Full screen&quot;,&quot;THUMBS&quot;:&quot;Thumbnails&quot;,&quot;DOWNLOAD&quot;:&quot;Download&quot;,&quot;SHARE&quot;:&quot;Share&quot;,&quot;ZOOM&quot;:&quot;Zoom&quot;}},&quot;clickSlide&quot;:false,&quot;clickOutside&quot;:false,&quot;dblclickContent&quot;:false,&quot;dblclickSlide&quot;:false,&quot;dblclickOutside&quot;:false,&quot;clickContent&quot;:false,&quot;baseTpl&quot;:&quot;&lt;div class=\\&quot;modula-fancybox-container modula-lightbox-jtg-883\\&quot; role=\\&quot;dialog\\&quot; tabindex=\\&quot;-1\\&quot;&gt;&lt;div class=\\&quot;modula-fancybox-bg\\&quot;&gt;&lt;\\\/div&gt;&lt;div class=\\&quot;modula-fancybox-inner\\&quot;&gt;&lt;div class=\\&quot;modula-fancybox-infobar\\&quot;&gt;&lt;span data-fancybox-index&gt;&lt;\\\/span&gt;&nbsp;\\\/&nbsp;&lt;span data-fancybox-count&gt;&lt;\\\/span&gt;&lt;\\\/div&gt;&lt;div class=\\&quot;modula-fancybox-toolbar\\&quot;&gt;{{buttons}}&lt;\\\/div&gt;&lt;div class=\\&quot;modula-fancybox-navigation\\&quot;&gt;{{arrows}}&lt;\\\/div&gt;&lt;div class=\\&quot;modula-fancybox-stage\\&quot;&gt;&lt;\\\/div&gt;&lt;div class=\\&quot;modula-fancybox-caption\\&quot;&gt;&lt;div class=\\&quot;modula-fancybox-caption__body\\&quot;&gt;&lt;\\\/div&gt;&lt;\\\/div&gt;&lt;\\\/div&gt;&lt;\\\/div&gt;&quot;},&quot;inView&quot;:false,&quot;email_subject&quot;:&quot;Check out this awesome image !!&quot;,&quot;email_message&quot;:&quot;Here is the link to the image : %%image_link%% and this is the link to the gallery : %%gallery_link%%&quot;,&quot;lightbox&quot;:&quot;fancybox&quot;}\">\n\n\t\n\t<!-- Items Container -->\n\t<div  class=\"modula-items\">\n\t\t<div class=\"modula-item effect-pufrobo\" >\n\t<div class=\"modula-item-overlay\"><\/div>\n\n\t<div class=\"modula-item-content\">\n\n\t\t\t\t\n\t\t\t\t\t<a data-image-id=\"760\" href=\"https:\/\/ecavlevoca.sk\/wp-content\/uploads\/2019\/10\/3.01_DSC_1546_konfirm\u00e1cia.jpg\" data-elementor-open-lightbox=\"no\" rel=\"jtg-883\" data-caption=\"\" class=\"tile-inner modula-item-link\"><\/a>\n\t\t\n\t\t<img class=\"pic\"  data-valign=\"middle\" data-halign=\"center\" alt=\"\" data-full=\"https:\/\/www.wp.3-d.cz\/wp-content\/uploads\/2019\/10\/3.01_DSC_1546_konfirm\u00e1cia.jpg\" title=\"\" width=\"196\" height=\"300\" src=\"https:\/\/ecavlevoca.sk\/wp-content\/uploads\/2019\/10\/3.01_DSC_1546_konfirm\u00e1cia-196x300.jpg\" data-src=\"https:\/\/ecavlevoca.sk\/wp-content\/uploads\/2019\/10\/3.01_DSC_1546_konfirm\u00e1cia-196x300.jpg\" data-caption=\"\"srcset=\"https:\/\/ecavlevoca.sk\/wp-content\/uploads\/2019\/10\/3.01_DSC_1546_konfirm\u00e1cia-196x300.jpg 196w, https:\/\/ecavlevoca.sk\/wp-content\/uploads\/2019\/10\/3.01_DSC_1546_konfirm\u00e1cia-768x1176.jpg 768w, https:\/\/ecavlevoca.sk\/wp-content\/uploads\/2019\/10\/3.01_DSC_1546_konfirm\u00e1cia.jpg 669w\" sizes=\"(max-width: 196px) 100vw, 196px\"\" \/>\n\t\t<div class=\"figc no-description\">\n\t\t\t<div class=\"figc-inner\">\n\t\t\t\t\t\t\t\t\t\t\t\t\t\t\t<\/div>\n\t\t<\/div>\n\n\t<\/div>\n\n<\/div><div class=\"modula-item effect-pufrobo\" >\n\t<div class=\"modula-item-overlay\"><\/div>\n\n\t<div class=\"modula-item-content\">\n\n\t\t\t\t\n\t\t\t\t\t<a data-image-id=\"1385\" href=\"https:\/\/ecavlevoca.sk\/wp-content\/uploads\/2021\/10\/DSC_0708-1-scaled.jpg\" data-elementor-open-lightbox=\"no\" rel=\"jtg-883\" data-caption=\"\" class=\"tile-inner modula-item-link\"><\/a>\n\t\t\n\t\t<img class=\"pic\"  data-valign=\"middle\" data-halign=\"center\" alt=\"\" data-full=\"http:\/\/ecavlevoca.sk\/wp-content\/uploads\/2021\/10\/DSC_0708-1.jpg\" title=\"\" width=\"300\" height=\"199\" src=\"https:\/\/ecavlevoca.sk\/wp-content\/uploads\/2021\/10\/DSC_0708-1-300x199.jpg\" data-src=\"https:\/\/ecavlevoca.sk\/wp-content\/uploads\/2021\/10\/DSC_0708-1-300x199.jpg\" data-caption=\"\"srcset=\"https:\/\/ecavlevoca.sk\/wp-content\/uploads\/2021\/10\/DSC_0708-1-scaled-300x199.jpg 300w, https:\/\/ecavlevoca.sk\/wp-content\/uploads\/2021\/10\/DSC_0708-1-scaled.jpg 1024w, https:\/\/ecavlevoca.sk\/wp-content\/uploads\/2021\/10\/DSC_0708-1-768x508.jpg 768w\" sizes=\"(max-width: 300px) 100vw, 300px\"\" \/>\n\t\t<div class=\"figc no-description\">\n\t\t\t<div class=\"figc-inner\">\n\t\t\t\t\t\t\t\t\t\t\t\t\t\t\t<\/div>\n\t\t<\/div>\n\n\t<\/div>\n\n<\/div>\t\t\n\t<\/div>\n\n\t\n\t\n\t<script type=\"application\/ld+json\">\n\t{\n\t\t\"@context\": \"http:\/\/schema.org\",\n\t\t\"@type\"   : \"ImageGallery\",\n\t\t\"id\"      : \"https:\/\/ecavlevoca.sk\",\n\t\t\"url\"     : \"https:\/\/ecavlevoca.sk\"\n\t}\n\n    <\/script>\n\n\t\n<\/div>\n","protected":false},"excerpt":{"rendered":"<p>Konfirm\u00e1cia je&nbsp;potvrden\u00edm krstnej zmluvy a osobn\u00fdm vyznan\u00edm viery, ktor\u00fa za n\u00e1s vyzn\u00e1vali pri krste rodi\u010dia a krstn\u00ed rodi\u010dia. Konfirm\u00e1cia je sl\u00e1vnostn\u00e9 prijatie pokrstenej ml\u00e1de\u017ee, resp. pokrsten\u00e9ho dospel\u00e9ho medzi dospel\u00fdch \u010dlenov &#8230;<\/p>\n","protected":false},"author":1,"featured_media":0,"parent":0,"menu_order":0,"comment_status":"closed","ping_status":"closed","template":"","meta":[],"_links":{"self":[{"href":"https:\/\/ecavlevoca.sk\/index.php?rest_route=\/wp\/v2\/pages\/643"}],"collection":[{"href":"https:\/\/ecavlevoca.sk\/index.php?rest_route=\/wp\/v2\/pages"}],"about":[{"href":"https:\/\/ecavlevoca.sk\/index.php?rest_route=\/wp\/v2\/types\/page"}],"author":[{"embeddable":true,"href":"https:\/\/ecavlevoca.sk\/index.php?rest_route=\/wp\/v2\/users\/1"}],"replies":[{"embeddable":true,"href":"https:\/\/ecavlevoca.sk\/index.php?rest_route=%2Fwp%2Fv2%2Fcomments&post=643"}],"version-history":[{"count":14,"href":"https:\/\/ecavlevoca.sk\/index.php?rest_route=\/wp\/v2\/pages\/643\/revisions"}],"predecessor-version":[{"id":2339,"href":"https:\/\/ecavlevoca.sk\/index.php?rest_route=\/wp\/v2\/pages\/643\/revisions\/2339"}],"wp:attachment":[{"href":"https:\/\/ecavlevoca.sk\/index.php?rest_route=%2Fwp%2Fv2%2Fmedia&parent=643"}],"curies":[{"name":"wp","href":"https:\/\/api.w.org\/{rel}","templated":true}]}}