{"id":645,"date":"2019-09-20T21:09:40","date_gmt":"2019-09-20T19:09:40","guid":{"rendered":"https:\/\/www.wp.3-d.cz\/?page_id=645"},"modified":"2023-11-11T19:10:37","modified_gmt":"2023-11-11T18:10:37","slug":"stretnutia-dospelych","status":"publish","type":"page","link":"https:\/\/ecavlevoca.sk\/?page_id=645","title":{"rendered":"Stretnutia Dospel\u00fdch"},"content":{"rendered":"\n<p class=\"has-large-font-size\">Biblick\u00e1 hodina<\/p>\n\n\n\n<p>Je\nto priestor pre duchovn\u00e9 vzdel\u00e1vanie v\u0161etk\u00fdch dospel\u00fdch vekov\u00fdch kateg\u00f3ri\u00ed,\n\u010dlenov cirkevn\u00e9ho zboru. Biblick\u00e1 hodina pozost\u00e1va zo spevu piesn\u00ed z\nEvanjelick\u00e9ho spevn\u00edka, modlitieb, v\u00fdkladu biblick\u00e9ho textu a diskusie. Je\ndobr\u00e9 prinies\u0165 si so sebou Bibliu a spevn\u00edk.<\/p>\n\n\n\n<p>Sporadicky na biblick\u00fa hodinu pr\u00edde hos\u0165 so zauj\u00edmavou\npredn\u00e1\u0161kou, prezent\u00e1ciou, ktor\u00e1 je jeho osobnou sk\u00fasenos\u0165ou.<\/p>\n\n\n\n<p>Na stretnutie sa netreba nikde hl\u00e1si\u0165, treba jednoducho pr\u00eds\u0165. Kon\u00e1 sa pravidelne <strong>ka\u017ed\u00fd\u00a0utorok o 17.00 v zborovej miestnosti<\/strong> na farskom \u00farade (okrem letn\u00fdch pr\u00e1zdnin).<\/p>\n\n\n<p><span style=\"color: #ffffff;\">.<\/span><\/p>\n\n<style>#jtg-886 .modula-item .jtg-social a, .lightbox-socials.jtg-social a{ color: #ffffff }#jtg-886 .modula-item .jtg-social svg, .lightbox-socials.jtg-social svg { height: 16px; width: 16px }#jtg-886 .modula-item .jtg-social a:not(:last-child), .lightbox-socials.jtg-social a:not(:last-child) { margin-right: 10px }#jtg-886 .modula-item .figc {color:#ffffff;}#jtg-886 .modula-item .modula-item-content { transform: scale(1) }#jtg-886 { width:50%;}#jtg-886 .modula-items{height:300px;}#jtg-886 .modula-items .figc p.description { font-size:14px; }#jtg-886 .modula-items .figc p.description { color:#ffffff;}#jtg-886.modula-gallery .modula-item > a, #jtg-886.modula-gallery .modula-item, #jtg-886.modula-gallery .modula-item-content > a { cursor:zoom-in; } @media screen and (max-width:480px){#jtg-886 .modula-item .figc .jtg-title {  font-size: 12px; }#jtg-886 .modula-items .figc p.description { color:#ffffff;font-size:10px; }}<\/style>\n<!-- Gallery Container -->\n<div  id=\"jtg-886\" class=\"modula modula-gallery modula-creative-gallery\" data-config=\"{&quot;height&quot;:300,&quot;enableTwitter&quot;:false,&quot;enableWhatsapp&quot;:false,&quot;enableFacebook&quot;:false,&quot;enablePinterest&quot;:false,&quot;enableLinkedin&quot;:false,&quot;enableEmail&quot;:false,&quot;randomFactor&quot;:0.5,&quot;type&quot;:&quot;creative-gallery&quot;,&quot;columns&quot;:12,&quot;gutter&quot;:10,&quot;mobileGutter&quot;:10,&quot;tabletGutter&quot;:10,&quot;desktopGutter&quot;:10,&quot;enableResponsive&quot;:&quot;0&quot;,&quot;tabletColumns&quot;:&quot;2&quot;,&quot;mobileColumns&quot;:&quot;1&quot;,&quot;lazyLoad&quot;:&quot;0&quot;,&quot;lightboxOpts&quot;:{&quot;loop&quot;:false,&quot;arrows&quot;:true,&quot;toolbar&quot;:true,&quot;keyboard&quot;:false,&quot;wheel&quot;:false,&quot;buttons&quot;:[&quot;close&quot;],&quot;hash&quot;:false,&quot;lang&quot;:&quot;en&quot;,&quot;touch&quot;:false,&quot;protect&quot;:false,&quot;i18n&quot;:{&quot;en&quot;:{&quot;CLOSE&quot;:&quot;Close&quot;,&quot;NEXT&quot;:&quot;Next&quot;,&quot;PREV&quot;:&quot;Previous&quot;,&quot;Error&quot;:&quot;The requested content cannot be loaded. Please try again later.&quot;,&quot;PLAY_START&quot;:&quot;Start slideshow&quot;,&quot;PLAY_STOP&quot;:&quot;Pause slideshow&quot;,&quot;FULL_SCREEN&quot;:&quot;Full screen&quot;,&quot;THUMBS&quot;:&quot;Thumbnails&quot;,&quot;DOWNLOAD&quot;:&quot;Download&quot;,&quot;SHARE&quot;:&quot;Share&quot;,&quot;ZOOM&quot;:&quot;Zoom&quot;}},&quot;clickSlide&quot;:false,&quot;clickOutside&quot;:false,&quot;dblclickContent&quot;:false,&quot;dblclickSlide&quot;:false,&quot;dblclickOutside&quot;:false,&quot;clickContent&quot;:false,&quot;baseTpl&quot;:&quot;&lt;div class=\\&quot;modula-fancybox-container modula-lightbox-jtg-886\\&quot; role=\\&quot;dialog\\&quot; tabindex=\\&quot;-1\\&quot;&gt;&lt;div class=\\&quot;modula-fancybox-bg\\&quot;&gt;&lt;\\\/div&gt;&lt;div class=\\&quot;modula-fancybox-inner\\&quot;&gt;&lt;div class=\\&quot;modula-fancybox-infobar\\&quot;&gt;&lt;span data-fancybox-index&gt;&lt;\\\/span&gt;&nbsp;\\\/&nbsp;&lt;span data-fancybox-count&gt;&lt;\\\/span&gt;&lt;\\\/div&gt;&lt;div class=\\&quot;modula-fancybox-toolbar\\&quot;&gt;{{buttons}}&lt;\\\/div&gt;&lt;div class=\\&quot;modula-fancybox-navigation\\&quot;&gt;{{arrows}}&lt;\\\/div&gt;&lt;div class=\\&quot;modula-fancybox-stage\\&quot;&gt;&lt;\\\/div&gt;&lt;div class=\\&quot;modula-fancybox-caption\\&quot;&gt;&lt;div class=\\&quot;modula-fancybox-caption__body\\&quot;&gt;&lt;\\\/div&gt;&lt;\\\/div&gt;&lt;\\\/div&gt;&lt;\\\/div&gt;&quot;},&quot;inView&quot;:false,&quot;email_subject&quot;:&quot;Check out this awesome image !!&quot;,&quot;email_message&quot;:&quot;Here is the link to the image : %%image_link%% and this is the link to the gallery : %%gallery_link%%&quot;,&quot;lightbox&quot;:&quot;fancybox&quot;}\">\n\n\t\n\t<!-- Items Container -->\n\t<div  class=\"modula-items\">\n\t\t<div class=\"modula-item effect-pufrobo\" >\n\t<div class=\"modula-item-overlay\"><\/div>\n\n\t<div class=\"modula-item-content\">\n\n\t\t\t\t\n\t\t\t\t\t<a data-image-id=\"765\" href=\"https:\/\/ecavlevoca.sk\/wp-content\/uploads\/2019\/10\/3.02_IMG_0043_dospel\u00ed.jpg\" data-elementor-open-lightbox=\"no\" rel=\"jtg-886\" data-caption=\"\" class=\"tile-inner modula-item-link\"><\/a>\n\t\t\n\t\t<img class=\"pic\"  data-valign=\"middle\" data-halign=\"center\" alt=\"\" data-full=\"https:\/\/www.wp.3-d.cz\/wp-content\/uploads\/2019\/10\/3.02_IMG_0043_dospel\u00ed.jpg\" title=\"\" width=\"300\" height=\"200\" src=\"https:\/\/ecavlevoca.sk\/wp-content\/uploads\/2019\/10\/3.02_IMG_0043_dospel\u00ed-300x200.jpg\" data-src=\"https:\/\/ecavlevoca.sk\/wp-content\/uploads\/2019\/10\/3.02_IMG_0043_dospel\u00ed-300x200.jpg\" data-caption=\"\"srcset=\"https:\/\/ecavlevoca.sk\/wp-content\/uploads\/2019\/10\/3.02_IMG_0043_dospel\u00ed-300x200.jpg 300w, https:\/\/ecavlevoca.sk\/wp-content\/uploads\/2019\/10\/3.02_IMG_0043_dospel\u00ed-768x512.jpg 768w, https:\/\/ecavlevoca.sk\/wp-content\/uploads\/2019\/10\/3.02_IMG_0043_dospel\u00ed.jpg 1024w\" sizes=\"(max-width: 300px) 100vw, 300px\"\" \/>\n\t\t<div class=\"figc no-description\">\n\t\t\t<div class=\"figc-inner\">\n\t\t\t\t\t\t\t\t\t\t\t\t\t\t\t<\/div>\n\t\t<\/div>\n\n\t<\/div>\n\n<\/div>\t\t\n\t<\/div>\n\n\t\n\t\n\t<script type=\"application\/ld+json\">\n\t{\n\t\t\"@context\": \"http:\/\/schema.org\",\n\t\t\"@type\"   : \"ImageGallery\",\n\t\t\"id\"      : \"https:\/\/ecavlevoca.sk\",\n\t\t\"url\"     : \"https:\/\/ecavlevoca.sk\"\n\t}\n\n    <\/script>\n\n\t\n<\/div>\n","protected":false},"excerpt":{"rendered":"<p>Biblick\u00e1 hodina Je to priestor pre duchovn\u00e9 vzdel\u00e1vanie v\u0161etk\u00fdch dospel\u00fdch vekov\u00fdch kateg\u00f3ri\u00ed, \u010dlenov cirkevn\u00e9ho zboru. Biblick\u00e1 hodina pozost\u00e1va zo spevu piesn\u00ed z Evanjelick\u00e9ho spevn\u00edka, modlitieb, v\u00fdkladu biblick\u00e9ho textu a diskusie. &#8230;<\/p>\n","protected":false},"author":1,"featured_media":0,"parent":0,"menu_order":0,"comment_status":"closed","ping_status":"closed","template":"","meta":[],"_links":{"self":[{"href":"https:\/\/ecavlevoca.sk\/index.php?rest_route=\/wp\/v2\/pages\/645"}],"collection":[{"href":"https:\/\/ecavlevoca.sk\/index.php?rest_route=\/wp\/v2\/pages"}],"about":[{"href":"https:\/\/ecavlevoca.sk\/index.php?rest_route=\/wp\/v2\/types\/page"}],"author":[{"embeddable":true,"href":"https:\/\/ecavlevoca.sk\/index.php?rest_route=\/wp\/v2\/users\/1"}],"replies":[{"embeddable":true,"href":"https:\/\/ecavlevoca.sk\/index.php?rest_route=%2Fwp%2Fv2%2Fcomments&post=645"}],"version-history":[{"count":5,"href":"https:\/\/ecavlevoca.sk\/index.php?rest_route=\/wp\/v2\/pages\/645\/revisions"}],"predecessor-version":[{"id":2180,"href":"https:\/\/ecavlevoca.sk\/index.php?rest_route=\/wp\/v2\/pages\/645\/revisions\/2180"}],"wp:attachment":[{"href":"https:\/\/ecavlevoca.sk\/index.php?rest_route=%2Fwp%2Fv2%2Fmedia&parent=645"}],"curies":[{"name":"wp","href":"https:\/\/api.w.org\/{rel}","templated":true}]}}