{"id":781,"date":"2019-10-01T22:32:43","date_gmt":"2019-10-01T20:32:43","guid":{"rendered":"https:\/\/www.wp.3-d.cz\/?page_id=781"},"modified":"2019-10-04T20:46:31","modified_gmt":"2019-10-04T18:46:31","slug":"o-ecav","status":"publish","type":"page","link":"https:\/\/ecavlevoca.sk\/?page_id=781","title":{"rendered":"O ECAV"},"content":{"rendered":"\n<p><strong>Evanjelick\u00e1 cirkev augsbursk\u00e9ho vyznania na Slovensku (ECAV) je druh\u00e1 najv\u00e4\u010d\u0161ia cirkev na \u00fazem\u00ed Slovenska<\/strong>.<\/p>\n\n\n\n<p>\u2022 vyzn\u00e1vame Je\u017ei\u0161a Krista ako Hlavu v\u0161eobecnej kres\u0165anskej cirkvi<br>\u2022 vych\u00e1dzame z&nbsp;<strong>P\u00edsma sv\u00e4t\u00e9ho \u2013 Biblie<\/strong>&nbsp;ako prame\u0148a viery i pravidla \u017eivota a z na\u0161ich Symbolick\u00fdch kn\u00edh<br>\u2022&nbsp;<strong>Symbolick\u00e9 knihy<\/strong>&nbsp;(Kniha svornosti) pova\u017eujeme za jedine spr\u00e1vny v\u00fdklad P\u00edsma sv\u00e4t\u00e9ho<br>\u2022 evanjelikmi sa vol\u00e1me pod\u013ea evanjeli\u00ed, ktor\u00e9 s\u00fa zap\u00edsan\u00e9 v&nbsp;<strong>Biblii \u2013 Novej zmluve<\/strong><br>\u2022&nbsp;<strong>Augsbursk\u00e9 vyznanie<\/strong>&nbsp;z roku 1530 je po P\u00edsme sv\u00e4tom \u2013 Biblii z\u00e1kladn\u00fdm prame\u0148om na\u0161ej viery. Pod\u013ea neho sa naz\u00fdvame&nbsp;<strong>evanjelici augsbursk\u00e9ho vyznania<\/strong><br>\u2022 symbolom evanjelickej cirkvi a. v. je Lutherova ru\u017ea<br>\u2022 hl\u00e1sime sa do ve\u013ekej rodiny evanjelick\u00fdch cirkv\u00ed vo svete<br>\u2022 sme pripraven\u00ed spolupracova\u0165 aj s in\u00fdmi kres\u0165ansk\u00fdmi cirkvami a n\u00e1bo\u017eensk\u00fdmi spolo\u010dnos\u0165ami na poli ducha, charity a humanity<br>\u2022 vn\u00fatorn\u00e1 organiz\u00e1cia na\u0161ej cirkvi je zalo\u017een\u00e1 na princ\u00edpoch samospr\u00e1vy a rovnopr\u00e1vnosti v\u0161etk\u00fdch jej \u010dlenov bez rozdielu rasy, jazyka, pohlavia a soci\u00e1lneho postavenia<\/p>\n\n\n\n<p><strong>Poslan\u00edm ECAV na Slovensku je:<\/strong><br>\u2022 \u0161\u00edri\u0165 evanjelium Je\u017ei\u0161a Krista, vyzn\u00e1va\u0165 vieru v Trojjedin\u00e9ho P\u00e1na Boha a v\u0161tepova\u0165 ju do vedomia \u013eud\u00ed<br>\u2022 sl\u00fa\u017ei\u0165 svojim \u010dlenom slu\u017ebami Bo\u017e\u00edmi, prisluhovan\u00edm slova a sviatost\u00ed, n\u00e1bo\u017eenskou v\u00fdchovou a poskytovan\u00edm duchovnej starostlivosti<br>\u2022 vies\u0165 svojich \u010dlenov k vz\u00e1jomnej \u00facte, podpore, tolerancii a pr\u00edkladn\u00e9mu kres\u0165ansk\u00e9mu i ob\u010dianskemu \u017eivotu<br>\u2022 zria\u010fova\u0165 na zabezpe\u010denie svojho poslania organiza\u010dn\u00e9 jednotky, charitat\u00edvne spolo\u010dnosti, cirkevn\u00e9 \u0161koly, zdru\u017eenia veriacich a pripravova\u0165 pre ne potrebn\u00fdch pracovn\u00edkov<br>\u2022 spolupracova\u0165 v oblasti v\u00fdchovnej, vzdel\u00e1vacej, humanitnej a charitat\u00edvnej s org\u00e1nmi \u0161t\u00e1tu, samospr\u00e1vami miest a obc\u00ed, so spolo\u010densk\u00fdmi organiz\u00e1ciami a zahrani\u010dn\u00fdmi in\u0161tit\u00faciami.<\/p>\n\n\n\n<h3>Symbolick\u00e9 knihy<\/h3>\n\n\n\n<p>Symbolick\u00e9 knihy (alebo aj Vierovyzn\u00e1vacie knihy; symbolum \u2013 vierovyznanie) obsahuj\u00fa v\u0161etky vierovyznania na\u0161ej evanjelickej cirkvi, nap\u00edsan\u00e9 na z\u00e1klade P\u00edsma sv\u00e4t\u00e9ho \u2013 Biblie.<\/p>\n\n\n\n<p>Symbolick\u00e9 knihy del\u00edme na:<\/p>\n\n\n\n<p><strong>\u2022 V\u0161eobecn\u00e9 vyznania:<\/strong><\/p>\n\n\n\n<p>1.&nbsp;<strong>Apo\u0161tolsk\u00e9 vierovyznanie<\/strong>&nbsp;\u2013 V\u0161eobecn\u00e1 viera kres\u0165ansk\u00e1<br>2.&nbsp;<strong>Nicejsk\u00e9 vierovyznanie<\/strong><br>3.&nbsp;<strong>Atan\u00e1ziovo vierovyznanie<\/strong><\/p>\n\n\n\n<p><strong>\u2022 Zvl\u00e1\u0161tne vyznania:<\/strong><\/p>\n\n\n\n<p>1.&nbsp;<strong>Augsbursk\u00e9 vyznanie<\/strong>&nbsp;z roku 1530 od Filipa Melanchtona<br>2.&nbsp;<strong>Obrana Augsbursk\u00e9ho vyznania<\/strong>&nbsp;z roku 1530 od Filipa Melanchtona<br>3.&nbsp;<strong>Mal\u00fd katechizmus<\/strong>&nbsp;z roku 1529 od Dr. Martina Luthera<br>4.&nbsp;<strong>Ve\u013ek\u00fd katechizmus<\/strong>&nbsp;z roku 1537 od Dr. Martina Luthera<br>5.&nbsp;<strong>\u0160malkaldsk\u00e9 \u010dl\u00e1nky<\/strong>&nbsp;z roku 1537 od Dr. Martina Luthera<br>6.&nbsp;<strong>Formula svornosti<\/strong>&nbsp;z roku 1577 (autormi s\u00fa viacer\u00ed teol\u00f3govia)<\/p>\n\n\n\n<p>Zhrnutie v\u0161etk\u00fdch evanjelick\u00fdch vierovyznan\u00ed vy\u0161lo v roku 1580 v Dr\u00e1\u017e\u010fanoch pod n\u00e1zvom&nbsp;<em>Kniha svornosti (Liber Concordiae)<\/em>. V sloven\u010dine vy\u0161la Kniha svornosti po prv\u00fd raz v B\u00e9ke\u0161skej \u010cabe v roku 1898 v preklade J\u00e1na Le\u0161ka. Pod n\u00e1zvom&nbsp;<em>Symbolick\u00e9 knihy<\/em>&nbsp;vy\u0161la v roku 1992 v Liptovskom Mikul\u00e1\u0161i (prelo\u017eil Oto V\u00edzner).<\/p>\n\n\n\n<p><strong>Augsbursk\u00e9 vyznanie<\/strong>&nbsp;<em>(Confesio Augustana)<\/em>&nbsp;je vyznan\u00edm na\u0161ej evanjelickej cirkvi. V roku 1530 bolo pre\u010d\u00edtan\u00e9 na sneme v Augsburgu pred cis\u00e1rom Karolom V. (tu si pre\u010d\u00edtajte&nbsp;<a href=\"http:\/\/www.kaplnka.sk\/av\/\">Augsbursk\u00e9 vyznanie<\/a>&nbsp;v sloven\u010dine). Prv\u00fd preklad na Slovensku vy\u0161iel v roku 1562 (\u0160tefan Trebnick\u00fd), potom nasledovalo 24 prekladov do bibli\u010dtiny a v roku 1930 Augsbursk\u00e9 vyznanie vy\u0161lo v preklade do sloven\u010diny.<br>Augsbursk\u00e9 vyznanie m\u00e1 28 \u010dl\u00e1nkov. Rozdiely medzi katol\u00edckym a evanjelick\u00fdm vierovyznan\u00edm vysvet\u013euj\u00fa tieto \u010dl\u00e1nky: IV. O ospravedlnen\u00ed, VII. O cirkvi, VIII. \u010co je cirkev, IX. O krste, X. O sv\u00e4tej Ve\u010deri, XI. O spovedi, XIII. O pou\u017e\u00edvan\u00ed sviatost\u00ed, XX. O viere a dobr\u00fdch skutkoch, XXI. O uctievan\u00ed sv\u00e4t\u00fdch, XXII. O obidvoch podob\u00e1ch sviatosti Ve\u010dere P\u00e1novej, XXIII. O man\u017eelstve k\u0148azov.<\/p>\n\n\n\n<p><strong>Mal\u00fd katechizmus Dr. Martina Luthera<\/strong>&nbsp;je najzn\u00e1mej\u0161ia zo Symbolick\u00fdch kn\u00edh. (tu si pre\u010d\u00edtajte cel\u00fd text Mal\u00e9ho katechizmu v sloven\u010dine). Je v \u0148om stru\u010dne zhrnut\u00e9 cirkevn\u00e9 u\u010denie o kres\u0165anskom n\u00e1bo\u017eenstve. Del\u00ed sa na 5 \u010diastok:<br>\u2022 Desa\u0165 Bo\u017e\u00edch prik\u00e1zan\u00ed,<br>\u2022 V\u0161eobecn\u00e1 viera kres\u0165ansk\u00e1,<br>\u2022 Modlitba P\u00e1nova \u2013 Ot\u010de n\u00e1\u0161,<br>\u2022 Sviatos\u0165 Krstu sv\u00e4t\u00e9ho,<br>\u2022 Sviatos\u0165 Ve\u010dere P\u00e1novej s pou\u010den\u00edm o spovedi.<\/p>\n\n\n\n<p><em>\u010comu n\u00e1s u\u010dia jednotliv\u00e9 \u010diastky katechizmu?<\/em><br>Prv\u00e1 n\u00e1s u\u010d\u00ed dobre \u017ei\u0165, druh\u00e1 dobre a spr\u00e1vnym sp\u00f4sobom veri\u0165, tretia dobre sa modli\u0165, \u0161tvrt\u00e1 a piata bez ak\u00e9hoko\u013evek pochybovania d\u00f4verova\u0165 P\u00e1nu Bohu.<\/p>\n\n\n\n<p><em>Ak\u00fd cie\u013e m\u00e1 katechizmus?<\/em><br>V kr\u00e1tkosti pod\u00e1va u\u010denie P\u00edsma sv\u00e4t\u00e9ho. Preto Lutherov katechizmus naz\u00fdvame aj Mal\u00e1 Biblia.<\/p>\n\n\n\n<p><em>Ako pozn\u00e1vame P\u00e1na Boha?<\/em><br>P\u00e1na Boha pozn\u00e1vame najm\u00e4 vierou.<\/p>\n\n\n\n<p>Zdroj:&nbsp;<a href=\"http:\/\/www.ecav.sk\/index.php\">ecav.sk<\/a><\/p>\n\n\n\n<div class=\"wp-block-image\"><figure class=\"aligncenter is-resized\"><img src=\"http:\/\/ecavlevoca.sk\/wp-content\/uploads\/2019\/10\/4.07_Logo.jpg\" alt=\"\" class=\"wp-image-758\" width=\"250\" height=\"250\" srcset=\"https:\/\/ecavlevoca.sk\/wp-content\/uploads\/2019\/10\/4.07_Logo.jpg 1000w, https:\/\/ecavlevoca.sk\/wp-content\/uploads\/2019\/10\/4.07_Logo-150x150.jpg 150w, https:\/\/ecavlevoca.sk\/wp-content\/uploads\/2019\/10\/4.07_Logo-300x300.jpg 300w, https:\/\/ecavlevoca.sk\/wp-content\/uploads\/2019\/10\/4.07_Logo-768x768.jpg 768w\" sizes=\"(max-width: 250px) 100vw, 250px\" \/><\/figure><\/div>\n","protected":false},"excerpt":{"rendered":"<p>Evanjelick\u00e1 cirkev augsbursk\u00e9ho vyznania na Slovensku (ECAV) je druh\u00e1 najv\u00e4\u010d\u0161ia cirkev na \u00fazem\u00ed Slovenska. \u2022 vyzn\u00e1vame Je\u017ei\u0161a Krista ako Hlavu v\u0161eobecnej kres\u0165anskej cirkvi\u2022 vych\u00e1dzame z&nbsp;P\u00edsma sv\u00e4t\u00e9ho \u2013 Biblie&nbsp;ako prame\u0148a viery &#8230;<\/p>\n","protected":false},"author":1,"featured_media":0,"parent":0,"menu_order":0,"comment_status":"closed","ping_status":"closed","template":"","meta":[],"_links":{"self":[{"href":"https:\/\/ecavlevoca.sk\/index.php?rest_route=\/wp\/v2\/pages\/781"}],"collection":[{"href":"https:\/\/ecavlevoca.sk\/index.php?rest_route=\/wp\/v2\/pages"}],"about":[{"href":"https:\/\/ecavlevoca.sk\/index.php?rest_route=\/wp\/v2\/types\/page"}],"author":[{"embeddable":true,"href":"https:\/\/ecavlevoca.sk\/index.php?rest_route=\/wp\/v2\/users\/1"}],"replies":[{"embeddable":true,"href":"https:\/\/ecavlevoca.sk\/index.php?rest_route=%2Fwp%2Fv2%2Fcomments&post=781"}],"version-history":[{"count":5,"href":"https:\/\/ecavlevoca.sk\/index.php?rest_route=\/wp\/v2\/pages\/781\/revisions"}],"predecessor-version":[{"id":911,"href":"https:\/\/ecavlevoca.sk\/index.php?rest_route=\/wp\/v2\/pages\/781\/revisions\/911"}],"wp:attachment":[{"href":"https:\/\/ecavlevoca.sk\/index.php?rest_route=%2Fwp%2Fv2%2Fmedia&parent=781"}],"curies":[{"name":"wp","href":"https:\/\/api.w.org\/{rel}","templated":true}]}}