{"id":791,"date":"2019-10-01T22:44:09","date_gmt":"2019-10-01T20:44:09","guid":{"rendered":"https:\/\/www.wp.3-d.cz\/?page_id=791"},"modified":"2025-01-09T16:37:47","modified_gmt":"2025-01-09T15:37:47","slug":"kontakty-2","status":"publish","type":"page","link":"https:\/\/ecavlevoca.sk\/?page_id=791","title":{"rendered":"Kontakty"},"content":{"rendered":"\n<div class=\"wp-container-3 wp-block-columns\">\n<div class=\"wp-container-1 wp-block-column\">\n<h2>Adresa:<\/h2>\n<\/div>\n\n\n\n<div class=\"wp-container-2 wp-block-column\">\n<h2> Farsk\u00fd \u00farad:<\/h2>\n<\/div>\n<\/div>\n\n\n\n<div class=\"wp-container-6 wp-block-columns\">\n<div class=\"wp-container-4 wp-block-column\">\n<p>Cirkevn\u00fd zbor Evanjelickej cirkvi a. v. Levo\u010da<\/p>\n<p>Vysok\u00e1 1<\/p>\n<p>054 01 Levo\u010da<\/p>\n<p>I\u010cO: 31 999 212<\/p>\n<p>DI\u010c: 2021461255<\/p>\n<\/div>\n\n\n\n<div class=\"wp-container-5 wp-block-column\">\n<p>Zborov\u00e1 far\u00e1rka:\u00a0 \u00a0Mgr. Zuzana Durcov\u00e1<\/p>\n<p>Mobil:\u00a0 \u00a0(+421) 0918\u00a0 828 199,\u00a0 \u00a00917\u00a0 771 758<\/p>\n<p>Dozorca:\u00a0 \u00a0Mgr. Branislav Klein, e-mail: branobruno@gmail.com<\/p>\n<p>Kur\u00e1tor:\u00a0 \u00a0Ing. Zdena Pu\u0161k\u00e1rov\u00e1, e-mail: puskarova.zdena@gmail.com<\/p>\n<p>E-mail:\u00a0 \u00a0faralevoca@gmail.com<\/p>\n<p>Web:\u00a0 \u00a0www.ecavlevoca.sk<\/p>\n<p>\u010c\u00edslo \u00fa\u010dtu:\u00a0 \u00a0SLSP Levo\u010da, SK19 0900 0000 0001 0137 6883<\/p>\n<\/div>\n<\/div>\n\n\n\n<p><\/p>\n","protected":false},"excerpt":{"rendered":"<p>Adresa: Farsk\u00fd \u00farad: Cirkevn\u00fd zbor Evanjelickej cirkvi a. v. Levo\u010da Vysok\u00e1 1 054 01 Levo\u010da I\u010cO: 31 999 212 DI\u010c: 2021461255 Zborov\u00e1 far\u00e1rka:\u00a0 \u00a0Mgr. Zuzana Durcov\u00e1 Mobil:\u00a0 \u00a0(+421) 0918\u00a0 828 &#8230;<\/p>\n","protected":false},"author":1,"featured_media":0,"parent":0,"menu_order":0,"comment_status":"closed","ping_status":"closed","template":"","meta":[],"_links":{"self":[{"href":"https:\/\/ecavlevoca.sk\/index.php?rest_route=\/wp\/v2\/pages\/791"}],"collection":[{"href":"https:\/\/ecavlevoca.sk\/index.php?rest_route=\/wp\/v2\/pages"}],"about":[{"href":"https:\/\/ecavlevoca.sk\/index.php?rest_route=\/wp\/v2\/types\/page"}],"author":[{"embeddable":true,"href":"https:\/\/ecavlevoca.sk\/index.php?rest_route=\/wp\/v2\/users\/1"}],"replies":[{"embeddable":true,"href":"https:\/\/ecavlevoca.sk\/index.php?rest_route=%2Fwp%2Fv2%2Fcomments&post=791"}],"version-history":[{"count":18,"href":"https:\/\/ecavlevoca.sk\/index.php?rest_route=\/wp\/v2\/pages\/791\/revisions"}],"predecessor-version":[{"id":2344,"href":"https:\/\/ecavlevoca.sk\/index.php?rest_route=\/wp\/v2\/pages\/791\/revisions\/2344"}],"wp:attachment":[{"href":"https:\/\/ecavlevoca.sk\/index.php?rest_route=%2Fwp%2Fv2%2Fmedia&parent=791"}],"curies":[{"name":"wp","href":"https:\/\/api.w.org\/{rel}","templated":true}]}}