{"id":912,"date":"2019-10-04T20:47:56","date_gmt":"2019-10-04T18:47:56","guid":{"rendered":"https:\/\/www.wp.3-d.cz\/?page_id=912"},"modified":"2019-10-04T20:47:58","modified_gmt":"2019-10-04T18:47:58","slug":"krst-svaty","status":"publish","type":"page","link":"https:\/\/ecavlevoca.sk\/?page_id=912","title":{"rendered":"Krst sv\u00e4t\u00fd"},"content":{"rendered":"\n<p><em>Pre vybavenie krstu sv\u00e4t\u00e9ho s\u00fa potrebn\u00e9 nasledovn\u00e9 dokumenty:<\/em><\/p>\n\n\n\n<ul><li>rodn\u00fd list die\u0165a\u0165a<\/li><li>ob\u010dianske preukazy rodi\u010dov a krstn\u00fdch rodi\u010dov<\/li><\/ul>\n\n\n\n<p><em>V\u0161eobecn\u00e9 inform\u00e1cie:<\/em><\/p>\n\n\n\n<p>Sviatos\u0165 krstu sv\u00e4t\u00e9ho prisluhuje ev. a. v. cirkev de\u0165om (doj\u010da\u0165om), de\u0165om do konfirma\u010dn\u00e9ho veku, ako aj ml\u00e1de\u017ei (nad konfirma\u010dn\u00fd vek) a dospel\u00fdm, za t\u00fdchto podmienok:<\/p>\n\n\n\n<p><strong>Krst det\u00ed (doj\u010diat)<\/strong><\/p>\n\n\n\n<p>a)&nbsp;&nbsp;&nbsp;&nbsp; O krst die\u0165a\u0165a musia po\u017eiada\u0165 rodi\u010dia, alebo aspo\u0148 jeden rodi\u010d osobne. Duchovn\u00fd pastier (far\u00e1r) je povinn\u00fd vies\u0165 s&nbsp;rodi\u010dmi a krstn\u00fdmi rodi\u010dmi pastor\u00e1lny rozhovor o v\u00fdzname, zmysle a z\u00e1v\u00e4znosti krstu sv\u00e4t\u00e9ho. Zist\u00ed, \u010d\u00ed s\u00fa rodi\u010dia pokrsten\u00ed, konfirmovan\u00ed a cirkevne zosob\u00e1\u0161en\u00ed. Ak z&nbsp;rozhovoru vyplynie, \u017ee tieto podmienky nesp\u013a\u0148aj\u00fa, vedie rodi\u010dov k&nbsp;rozhodnutiu, aby pred krstom die\u0165a\u0165a boli oni sami najprv pokrsten\u00ed (konfirmovan\u00ed) a ich man\u017eelstvo evanjelicko-kres\u0165ansk\u00fdm sp\u00f4sobom po\u017eehnan\u00e9. Krst sa neprisl\u00fa\u017ei, ak aspo\u0148 jeden z&nbsp;rodi\u010dov nebude pokrsten\u00fd, a ak krstn\u00ed rodi\u010dia nedostan\u00fa od rodi\u010dov (alebo pest\u00fanov, vychov\u00e1vate\u013eov) p\u00edsomn\u00e9 pr\u00e1vo vychov\u00e1va\u0165 die\u0165a vo viere. Vo zvl\u00e1\u0161tnych pr\u00edpadoch udel\u00ed v\u00fdnimku pr\u00edslu\u0161n\u00fd senior.<\/p>\n\n\n\n<p>b)&nbsp;&nbsp;&nbsp; V&nbsp;pr\u00edpade, \u017ee krst \u017eiadaj\u00fa star\u00ed rodi\u010dia alebo pr\u00edbuzn\u00ed, duchovn\u00fd pastier rozhodne o prisl\u00fa\u017een\u00ed krstu na z\u00e1klade pos\u00fadenia predpokladov pre krst a v\u00fdchovu die\u0165a\u0165a v&nbsp;rodine a v&nbsp;spolupr\u00e1ci s&nbsp;cirkvou. V&nbsp;ka\u017edom pr\u00edpade do 15 rokov die\u0165a\u0165a je potrebn\u00fd s\u00fahlas z\u00e1konn\u00e9ho z\u00e1stupcu.<\/p>\n\n\n\n<p>c)&nbsp;&nbsp;&nbsp;&nbsp; Krstn\u00ed rodi\u010dia maj\u00fa by\u0165 z\u00e1sadne ev. a. v. V&nbsp;pr\u00edpade z\u00e1va\u017en\u00fdch d\u00f4vodov jeden z&nbsp;krstn\u00fdch rodi\u010dov m\u00f4\u017ee by\u0165 \u010dlenom inej kres\u0165anskej cirkvi. Krstn\u00ed rodi\u010dia ev. a. v. musia by\u0165 pokrsten\u00ed a konfirmovan\u00ed a v&nbsp;pr\u00edpade man\u017eelov \u2013 krstn\u00fdch rodi\u010dov aj cirkevne zosob\u00e1\u0161en\u00ed. Krstn\u00ed rodi\u010dia z&nbsp;inej cirkvi musia by\u0165 pokrsten\u00ed. Krstn\u00fdm rodi\u010dom nem\u00f4\u017ee by\u0165 ten, kto nem\u00e1 pokrsten\u00e9 vlastn\u00e9 deti, alebo deti krstn\u00e9ho rodi\u010da ev. a. v. nasleduj\u00fa vierovyznanie neevanjelick\u00e9ho rodi\u010da. Po vekovej str\u00e1nke za krstn\u00fdch rodi\u010dov z&nbsp;ev. a. v. cirkvi mo\u017eno prija\u0165 \u010dlena po konfirm\u00e1cii. Ak rodina trv\u00e1 na krstn\u00fdch rodi\u010doch, ktor\u00ed nesp\u013a\u0148aj\u00fa horeuveden\u00e9 predpoklady, navrhne k\u0148az rodine popri t\u00fdchto krstn\u00fdch rodi\u010doch \u010fal\u0161\u00edch spomedzi \u010dlenov cirkevn\u00e9ho zboru, ktor\u00ed prijm\u00fa t\u00fato \u00falohu menom cirkevn\u00e9ho zboru.<\/p>\n\n\n\n<p>d)&nbsp;&nbsp;&nbsp; Pri krstne det\u00ed slobodn\u00fdch matiek vy\u017eaduje sa u matky die\u0165a\u0165a jej vlastn\u00fd krst a konfirm\u00e1cia.<\/p>\n\n\n\n<p>e)&nbsp;&nbsp;&nbsp;&nbsp; Pri v\u00fdkone krstu musia by\u0165 osobne pr\u00edtomn\u00ed rodi\u010dia a krstn\u00ed rodi\u010dia die\u0165a\u0165a. S&nbsp;ich nepr\u00edtomnos\u0165ou mo\u017eno s\u00fahlasi\u0165 len z&nbsp;ve\u013emi v\u00e1\u017enych d\u00f4vodov.<\/p>\n\n\n\n<p>f)&nbsp;&nbsp;&nbsp;&nbsp; Ak s\u00fa krstn\u00ed rodi\u010dia (jeden z&nbsp;nich) v&nbsp;\u010dase krstu die\u0165a\u0165a vzdialen\u00ed, alebo z&nbsp;in\u00fdch d\u00f4vodov nepr\u00edtomn\u00ed, zastupuj\u00fa ich n\u00e1hradn\u00ed krstn\u00ed rodi\u010dia (za t\u00fdch ist\u00fdch podmienok), ktor\u00fdch treba zap\u00edsa\u0165 do matriky po riadnych krstn\u00fdch rodi\u010doch ako zastupuj\u00facich.<\/p>\n\n\n\n<p>g)&nbsp;&nbsp;&nbsp; Pri sk\u00faman\u00ed cirkevnopr\u00e1vnych predpokladov t\u00fdch, \u010do nie s\u00fa \u010dlenmi cirkevn\u00e9ho zboru, v&nbsp;ktorom sa krst kon\u00e1, musia t\u00edto predlo\u017ei\u0165 doklady o krste, konfirm\u00e1cii, pr\u00edpadne o cirkevnom sob\u00e1\u0161i.<\/p>\n\n\n\n<p>h)&nbsp;&nbsp;&nbsp;&nbsp; Cel\u00fd cirkevn\u00fd zbor modlitebne a konkr\u00e9tnou pomocou podporuje duchovn\u00fd rast pokrsten\u00e9ho.<\/p>\n\n\n\n<p><strong>Krst det\u00ed do konfirma\u010dn\u00e9ho veku<\/strong><\/p>\n\n\n\n<p>a)&nbsp;&nbsp;&nbsp;&nbsp; Pri krste det\u00ed do konfirma\u010dn\u00e9ho veku (12 rokov) platia podmienky ako pri krste det\u00ed (doj\u010diat).<\/p>\n\n\n\n<p>b)&nbsp;&nbsp;&nbsp; Analogicky platia podmienky pre krstn\u00fdch rodi\u010dov ako pri krste det\u00ed \u2013 doj\u010diat.<\/p>\n\n\n\n<p>c)&nbsp;&nbsp;&nbsp;&nbsp; V&nbsp;pastor\u00e1lnom rozhovore s&nbsp;rodi\u010dmi tak\u00e9ho die\u0165a\u0165a duchovn\u00fd pastier priprav\u00ed die\u0165a ku krstu primerane veku die\u0165a\u0165a, aby mohlo samo ch\u00e1pa\u0165 a prizna\u0165 sa k&nbsp;daru Bo\u017eej milosti v&nbsp;krste.<\/p>\n\n\n\n<p>d)&nbsp;&nbsp;&nbsp; Ak je die\u0165a v&nbsp;konfirma\u010dnom veku, mo\u017eno ho najprv pokrsti\u0165 a potom zapoji\u0165 do konfirma\u010dnej pr\u00edpravy, alebo najprv zapoji\u0165 do konfirma\u010dnej pr\u00edpravy (s ostatn\u00fdmi konfirmandmi) a potom po vyznan\u00ed viery pred konfirm\u00e1ciou pokrsti\u0165.<\/p>\n\n\n\n<p><strong>Krst ml\u00e1de\u017ee a dospel\u00fdch<\/strong><\/p>\n\n\n\n<p>a)&nbsp;&nbsp;&nbsp;&nbsp; Ml\u00e1de\u017e (od konfirma\u010dn\u00e9ho veku) a dospel\u00fdch mo\u017eno pokrsti\u0165 len po predch\u00e1dzaj\u00facej pr\u00edprave (rozsah konfirma\u010dnej l\u00e1tky).<\/p>\n\n\n\n<p>b)&nbsp;&nbsp;&nbsp; \u00darad krstn\u00fdch rodi\u010dov v&nbsp;t\u00fdchto pr\u00edpadoch nahradia dvaja svedkovia, pre ktor\u00fdch v\u0161ak platia rovnak\u00e9 podmienky ako pri krstn\u00fdch rodi\u010doch.<\/p>\n\n\n\n<p><strong>Miesto krstu<\/strong><\/p>\n\n\n\n<p>Krsti\u0165 treba z\u00e1sadne v&nbsp;chr\u00e1me, pokia\u013e mo\u017eno v&nbsp;r\u00e1mci slu\u017eieb Bo\u017e\u00edch. Zo z\u00e1va\u017en\u00fdch d\u00f4vodov mo\u017eno krsti\u0165 aj v&nbsp;zborovej miestnosti, alebo na inom primeranom mieste. V&nbsp;pr\u00edpade ohrozenia \u017eivota die\u0165a\u0165a mo\u017eno krsti\u0165 aj v&nbsp;nemocnici alebo dom\u00e1cnosti.<\/p>\n\n\n\n<p><strong>Krsty z&nbsp;in\u00fdch cirkevn\u00fdch zborov<\/strong><\/p>\n\n\n\n<p>Z\u00e1sadne nemo\u017eno krsti\u0165 deti z&nbsp;in\u00fdch cirkevn\u00fdch zborov (ako i ml\u00e1de\u017e a dospel\u00fdch). V&nbsp;pr\u00edpade, \u017ee je far\u00e1r o tak\u00fa slu\u017ebu po\u017eiadan\u00fd, je povinn\u00fd pred krstom vy\u017eiada\u0165 si ku krstu s\u00fahlas od far\u00e1ra zboru, do ktor\u00e9ho die\u0165a pod\u013ea trval\u00e9ho alebo prechodn\u00e9ho pobytu rodi\u010dov patr\u00ed (vi\u010f Cirkevn\u00e1 \u00fastava).<\/p>\n\n\n\n<p><strong>Svedectvo o krste<\/strong><\/p>\n\n\n\n<p>Po vykonan\u00ed krstu je duchovn\u00fd pastier (far\u00e1r) povinn\u00fd odovzda\u0165 rodi\u010dom svedectvo o krste die\u0165a\u0165a, ako aj o ka\u017edom vykonanom krste (ml\u00e1de\u017e, dospel\u00ed).<\/p>\n\n\n\n<p><strong>Krst die\u0165a\u0165a inoveriacich rodi\u010dov<\/strong><\/p>\n\n\n\n<p>Krst die\u0165a\u0165a inoveriacich rodi\u010dov je mo\u017en\u00fd len po predch\u00e1dzaj\u00facom s\u00fahlase (di\u0161penz) di\u0161triktu\u00e1lneho biskupa.<\/p>\n","protected":false},"excerpt":{"rendered":"<p>Pre vybavenie krstu sv\u00e4t\u00e9ho s\u00fa potrebn\u00e9 nasledovn\u00e9 dokumenty: rodn\u00fd list die\u0165a\u0165a ob\u010dianske preukazy rodi\u010dov a krstn\u00fdch rodi\u010dov V\u0161eobecn\u00e9 inform\u00e1cie: Sviatos\u0165 krstu sv\u00e4t\u00e9ho prisluhuje ev. a. v. cirkev de\u0165om (doj\u010da\u0165om), de\u0165om &#8230;<\/p>\n","protected":false},"author":1,"featured_media":0,"parent":0,"menu_order":0,"comment_status":"closed","ping_status":"closed","template":"","meta":[],"_links":{"self":[{"href":"https:\/\/ecavlevoca.sk\/index.php?rest_route=\/wp\/v2\/pages\/912"}],"collection":[{"href":"https:\/\/ecavlevoca.sk\/index.php?rest_route=\/wp\/v2\/pages"}],"about":[{"href":"https:\/\/ecavlevoca.sk\/index.php?rest_route=\/wp\/v2\/types\/page"}],"author":[{"embeddable":true,"href":"https:\/\/ecavlevoca.sk\/index.php?rest_route=\/wp\/v2\/users\/1"}],"replies":[{"embeddable":true,"href":"https:\/\/ecavlevoca.sk\/index.php?rest_route=%2Fwp%2Fv2%2Fcomments&post=912"}],"version-history":[{"count":1,"href":"https:\/\/ecavlevoca.sk\/index.php?rest_route=\/wp\/v2\/pages\/912\/revisions"}],"predecessor-version":[{"id":913,"href":"https:\/\/ecavlevoca.sk\/index.php?rest_route=\/wp\/v2\/pages\/912\/revisions\/913"}],"wp:attachment":[{"href":"https:\/\/ecavlevoca.sk\/index.php?rest_route=%2Fwp%2Fv2%2Fmedia&parent=912"}],"curies":[{"name":"wp","href":"https:\/\/api.w.org\/{rel}","templated":true}]}}