{"id":914,"date":"2019-10-04T20:48:44","date_gmt":"2019-10-04T18:48:44","guid":{"rendered":"https:\/\/www.wp.3-d.cz\/?page_id=914"},"modified":"2019-10-04T20:48:45","modified_gmt":"2019-10-04T18:48:45","slug":"cirkevny-sobas","status":"publish","type":"page","link":"https:\/\/ecavlevoca.sk\/?page_id=914","title":{"rendered":"Cirkevn\u00fd sob\u00e1\u0161"},"content":{"rendered":"\n<p>O evanjelick\u00fd sob\u00e1\u0161 musia po\u017eiada\u0165 sn\u00fabenci v dostato\u010dnom \u010dasovom predstihu (odpor\u00fa\u010dame cca 3 \u2013 4 mesiace pred zam\u00fd\u0161\u013ean\u00fdm term\u00ednom sob\u00e1\u0161a). Pr\u00eds\u0165 je potrebn\u00e9&nbsp;e\u0161te pred podan\u00edm \u017eiadosti na matri\u010dnom \u00farade. So sob\u00e1\u0161iacim far\u00e1rom si dohodn\u00fa term\u00edn sob\u00e1\u0161a. Podrobnosti o obrade a potrebn\u00fdch n\u00e1le\u017eitostiach sn\u00fabencov bude informova\u0165 na prvom stretnut\u00ed.<\/p>\n\n\n\n<p>Stretnutie s bratom far\u00e1rom je potrebn\u00e9 dohodn\u00fa\u0165 telefonicky, najlep\u0161ie nieko\u013eko dn\u00ed vopred.<\/p>\n\n\n\n<p>Kontakt na zborov\u00e9ho far\u00e1ra&nbsp;ThDr. Martina Rieckeho, telef\u00f3n: 036\/6318 318, e-mail: levice@ecav.sk<\/p>\n\n\n\n<h3><em>V\u0161eobecn\u00e9 inform\u00e1cie:<\/em><\/h3>\n\n\n\n<p><strong>(1)&nbsp;<\/strong>O cirkevn\u00fd sob\u00e1\u0161 musia po\u017eiada\u0165 sn\u00fabenci v&nbsp;dostato\u010dnom \u010dasovom predstihu e\u0161te pred podan\u00edm \u017eiadosti na matri\u010dnom \u00farade, pri\u010dom mus\u00ed by\u0165 vopred dohodnut\u00fd aj term\u00edn sob\u00e1\u0161a. Cirkevn\u00e9mu sob\u00e1\u0161u predch\u00e1dza povinn\u00e1 pastor\u00e1lna pr\u00edprava.<\/p>\n\n\n\n<p><strong>(2)&nbsp;&nbsp;&nbsp;<\/strong>Sob\u00e1\u0161iaci far\u00e1r db\u00e1, aby bol zachovan\u00fd postup pod\u013ea ob\u010dianskeho z\u00e1kona.<\/p>\n\n\n\n<p><strong>(3)&nbsp;&nbsp;&nbsp;<\/strong>Cirkev sob\u00e1\u0161i svojich pokrsten\u00fdch a konfirmovan\u00fdch \u010dlenov. Ak neboli konfirmovan\u00ed, je potrebn\u00e9 sn\u00fabencov konfirmova\u0165 e\u0161te pred sob\u00e1\u0161om.<\/p>\n\n\n\n<p><strong>(4)&nbsp;&nbsp;&nbsp;<\/strong>Ak je jeden zo sn\u00fabencov bez vyznania, alebo odmietne konfirm\u00e1ciu, preto\u017ee nem\u00f4\u017ee vyzna\u0165 vieru, pou\u017eije sa pre neho text pr\u00edsahy (s\u013eubu) uveden\u00fd v&nbsp;Agende pre nekres\u0165ansk\u00e9ho partnera.<\/p>\n\n\n\n<p><strong>(5)&nbsp;&nbsp;&nbsp;<\/strong>Podobn\u00fd postup sa zachov\u00e1 pri sob\u00e1\u0161i, ak je jeden zo sn\u00fabencov pr\u00edslu\u0161n\u00edkom in\u00e9ho ne\u017e kres\u0165ansk\u00e9ho n\u00e1bo\u017eenstva.<\/p>\n\n\n\n<p><strong>(6)&nbsp;&nbsp;&nbsp;<\/strong>Sob\u00e1\u0161iaci v&nbsp;r\u00e1mci pastor\u00e1lnej pr\u00edpravy obozn\u00e1mi sn\u00fabencov s&nbsp;poriadkom sob\u00e1\u0161neho obradu a vysvetl\u00ed im zmysel jeho jednotliv\u00fdch \u010dast\u00ed , man\u017eelstva, v\u00fdchovy det\u00ed.<\/p>\n\n\n\n<p><strong>(7)&nbsp;&nbsp;&nbsp;<\/strong>Sob\u00e1\u0161 sa kon\u00e1 v\u017edy v&nbsp;chr\u00e1me za pr\u00edtomnosti svedkov, ktor\u00ed po sob\u00e1\u0161i spolu s&nbsp;novoman\u017eelmi podp\u00ed\u0161u z\u00e1pisnicu. Svedkovia musia by\u0165 ev. a. v., konfirmovan\u00ed. V&nbsp;od\u00f4vodnen\u00fdch pr\u00edpadoch m\u00f4\u017ee by\u0165 jeden zo svedkov \u010dlenom inej kres\u0165anskej cirkvi. Svedkom pri evanjelickom sob\u00e1\u0161i nem\u00f4\u017ee by\u0165 nekres\u0165an.<\/p>\n\n\n\n<p><strong>(8)&nbsp;&nbsp;&nbsp;<\/strong>V&nbsp;mimoriadnych pr\u00edpadoch (nemoc, in\u00e1 nepredv\u00eddan\u00e1 udalos\u0165) m\u00f4\u017ee sa kona\u0165 cirkevn\u00fd sob\u00e1\u0161 aj mimo chr\u00e1mu (zborov\u00e1 sie\u0148 a pod.)<\/p>\n\n\n\n<p><strong>(9)&nbsp;&nbsp;&nbsp;<\/strong>Sob\u00e1\u0161e sa neodpor\u00fa\u010daj\u00fa v&nbsp;advente a v&nbsp;p\u00f4ste, v&nbsp;predve\u010der v\u00fdro\u010dn\u00fdch sl\u00e1vnost\u00ed, kaj\u00facich dn\u00ed a podobne. Sob\u00e1\u0161 rozveden\u00fdch je mo\u017en\u00fd len po s\u00fahlase (di\u0161penz) di\u0161triktu\u00e1lneho biskupa. S\u00fahlas \u017eiadaj\u00fa do man\u017eelstva vstupuj\u00faci cestou farsk\u00e9ho \u00faradu, po predlo\u017een\u00ed rozsudku o rozvodovom konan\u00ed.<\/p>\n\n\n\n<p><strong>(10)&nbsp;<\/strong>Pri konfesijne zmie\u0161an\u00fdch man\u017eelstv\u00e1ch v&nbsp;r\u00e1mci pastor\u00e1lnej pr\u00edpravy je potrebn\u00e9 vies\u0165 sn\u00fabencov k&nbsp;dohode, \u017ee v&nbsp;pr\u00edpade narodenia det\u00ed z&nbsp;ich man\u017eelstva, bud\u00fa tieto pokrsten\u00e9 a vychov\u00e1van\u00e9 v&nbsp;ev. a. v. cirkvi. T\u00fato dohodu potvrdia podpisom v&nbsp;sob\u00e1\u0161nej z\u00e1pisnici. Treba pouk\u00e1za\u0165 na v\u0161etky \u00faskalia toho, ak by sa nevedeli jednozna\u010dne dohodn\u00fa\u0165 \u2013 aby deti pod\u013ea pohlavia nasledovali n\u00e1bo\u017eenstvo svojich rodi\u010dov.<\/p>\n\n\n\n<p><strong>(11)&nbsp;<\/strong>K&nbsp;sob\u00e1\u0161u k\u0148aza, diakona, posluch\u00e1\u010da teol\u00f3gie, ktor\u00fd chce kona\u0165 slu\u017ebu v&nbsp;cirkvi, je potrebn\u00fd pastor\u00e1lny rozhovor s&nbsp;jedn\u00fdm z&nbsp;biskupov a s\u00fahlas zboru biskupov na z\u00e1klade prehl\u00e1senia, \u017ee man\u017eelstvo nebude prek\u00e1\u017ekou pri ustanoven\u00ed kapl\u00e1na. Man\u017eelsk\u00fd partner mus\u00ed by\u0165 ev. a. v. V\u00fdnimku povo\u013euje zbor biskupov. Sob\u00e1\u0161 rozveden\u00e9ho k\u0148aza, diakona, alebo i posluch\u00e1\u010da teol\u00f3gie povo\u013euje zbor biskupov.<\/p>\n\n\n\n<p><strong>(12)&nbsp;<\/strong>Spolupr\u00e1ca ev. k\u0148aza pri ekumenickom sob\u00e1\u0161i je mo\u017en\u00e1 len na z\u00e1klade medzicirkevn\u00fdch doh\u00f4d.<\/p>\n\n\n\n<p><strong>(13)&nbsp;<\/strong>Miesto tzv. ohl\u00e1\u0161ok sa odpor\u00fa\u010da ozn\u00e1mi\u0165 zboru konanie sob\u00e1\u0161a.<\/p>\n\n\n\n<p><strong>(14)&nbsp;<\/strong>Ak by sa sob\u00e1\u0161 konal z&nbsp;ak\u00fdchko\u013evek d\u00f4vodov mimo \u00fazemia zboru (zborov), do ktor\u00e9ho (ktor\u00fdch) prisl\u00fachaj\u00fa sn\u00fabenci, potrebn\u00fd je predch\u00e1dzaj\u00faci s\u00fahlas zborov\u00e9ho far\u00e1ra jedn\u00e9ho z&nbsp;nich. Z\u00e1pis do matriky sob\u00e1\u0161en\u00fdch (pod \u010d\u00edslom) uvedie sa v&nbsp;tom zbore, z&nbsp;ktor\u00e9ho far\u00e1r dal s\u00fahlas k sob\u00e1\u0161u; z\u00e1znam bez poradov\u00e9ho \u010d\u00edsla v&nbsp;matrike zboru, v&nbsp;ktorom sa sob\u00e1\u0161 konal. Z\u00e1znamy zabezpe\u010d\u00ed sob\u00e1\u0161iaci far\u00e1r.<\/p>\n\n\n\n<p><strong>(15)&nbsp;<\/strong>Ak bol sob\u00e1\u0161 vykonan\u00fd ob\u010dianskym sp\u00f4sobom, je mo\u017en\u00e9 po pastor\u00e1lnej pr\u00edprave po\u017eehnanie man\u017eelstva evanjelicko-kres\u0165ansk\u00fdm sp\u00f4sobom (vi\u010f Agenda).<\/p>\n\n\n\n<p><strong>(16)&nbsp;<\/strong>Ka\u017ed\u00fd sob\u00e1\u0161 (aj po\u017eehnanie man\u017eelstva) sa zapisuje do zborovej matriky sob\u00e1\u0161en\u00fdch. O vykonan\u00ed sob\u00e1\u0161a d\u00e1va cirkevn\u00fd zbor osved\u010denie s&nbsp;podpisom sob\u00e1\u0161iaceho far\u00e1ra. Do pozn\u00e1mok sa uvedie, \u010di i\u0161lo o sob\u00e1\u0161, alebo po\u017eehnanie man\u017eelstva.<\/p>\n\n\n\n<p><strong>(17)&nbsp;<\/strong>O ka\u017edom sob\u00e1\u0161i (i po\u017eehnan\u00ed man\u017eelstva) nap\u00ed\u0161e sa osobitn\u00e1 z\u00e1pisnica, podp\u00edsan\u00e1 man\u017eelmi, svedkami a sob\u00e1\u0161iacim far\u00e1rom, ktor\u00e1 zostane na farskom \u00farade.<\/p>\n\n\n\n<p><strong>(18)&nbsp;<\/strong>ECAV prip\u00fa\u0161\u0165a len sob\u00e1\u0161 os\u00f4b r\u00f4zneho pohlavia. Vylu\u010duje po\u017eehnanie spolu\u017eitia \u013eud\u00ed rovnak\u00e9ho pohlavia (homosexualita), ako aj spolu\u017eitia druha a dru\u017eky.<\/p>\n","protected":false},"excerpt":{"rendered":"<p>O evanjelick\u00fd sob\u00e1\u0161 musia po\u017eiada\u0165 sn\u00fabenci v dostato\u010dnom \u010dasovom predstihu (odpor\u00fa\u010dame cca 3 \u2013 4 mesiace pred zam\u00fd\u0161\u013ean\u00fdm term\u00ednom sob\u00e1\u0161a). Pr\u00eds\u0165 je potrebn\u00e9&nbsp;e\u0161te pred podan\u00edm \u017eiadosti na matri\u010dnom \u00farade. So &#8230;<\/p>\n","protected":false},"author":1,"featured_media":0,"parent":0,"menu_order":0,"comment_status":"closed","ping_status":"closed","template":"","meta":[],"_links":{"self":[{"href":"https:\/\/ecavlevoca.sk\/index.php?rest_route=\/wp\/v2\/pages\/914"}],"collection":[{"href":"https:\/\/ecavlevoca.sk\/index.php?rest_route=\/wp\/v2\/pages"}],"about":[{"href":"https:\/\/ecavlevoca.sk\/index.php?rest_route=\/wp\/v2\/types\/page"}],"author":[{"embeddable":true,"href":"https:\/\/ecavlevoca.sk\/index.php?rest_route=\/wp\/v2\/users\/1"}],"replies":[{"embeddable":true,"href":"https:\/\/ecavlevoca.sk\/index.php?rest_route=%2Fwp%2Fv2%2Fcomments&post=914"}],"version-history":[{"count":1,"href":"https:\/\/ecavlevoca.sk\/index.php?rest_route=\/wp\/v2\/pages\/914\/revisions"}],"predecessor-version":[{"id":915,"href":"https:\/\/ecavlevoca.sk\/index.php?rest_route=\/wp\/v2\/pages\/914\/revisions\/915"}],"wp:attachment":[{"href":"https:\/\/ecavlevoca.sk\/index.php?rest_route=%2Fwp%2Fv2%2Fmedia&parent=914"}],"curies":[{"name":"wp","href":"https:\/\/api.w.org\/{rel}","templated":true}]}}